{"id":186,"date":"2022-04-19T12:17:32","date_gmt":"2022-04-19T12:17:32","guid":{"rendered":"https:\/\/echiquier-opera.accorv2prod.decms.eu\/?page_id=186"},"modified":"2022-06-14T16:34:22","modified_gmt":"2022-06-14T16:34:22","slug":"history","status":"publish","type":"page","link":"https:\/\/www.lechiquieroperaparis.com\/en\/history\/","title":{"rendered":"History"},"content":{"rendered":"<p>In the 16th century, this building actually belonged to King Henry IV of France. At the time it was a hunting lodge surrounded by a vast forest on the outskirts of the city. It is a historical jewel, featuring many architectural details from the 19th century, at which time it became a hotel.<\/p>\n<p>In that period, the surrounding area was already asserting its urban identity, its residential character infused with cultural and festive life. The Roaring Twenties\u2019 pursuit of leisure is reflected in the hotel&#8217;s decor, signed by Yann Le Coadic, decorator, and Alessandro Scotto, interior designer. Comfort and contemporary elegance meet Art Nouveau and beautiful period features.<\/p>\n<p>Passing by the carved woodwork of the lobby, ride the opulent lift or climb the surrounding marble spiral staircase. Discover your new <a href=\"https:\/\/echiquier-opera.accorv2prod.decms.eu\/en\/rooms-suites\/\">Parisian pied-\u00e0-terre<\/a>, a quintessential 1930\u2019s apartment, with its central chandelier. Experience the charm of the 1920s in <a href=\"https:\/\/echiquier-opera.accorv2prod.decms.eu\/en\/bar-and-restaurant-le-38\/le-38-bar-lounge\/\">our lounge bar, Le 38<\/a>.<\/p>\n<p>While peace reigns on the rue de l&#8217;\u00c9chiquier, you are within easy reach of the Grands Boulevards. This is the beating heart of eastern Paris, where the most memorable evenings and popular shows of the capital are still held today.<\/p>\n","protected":false},"excerpt":{"rendered":"<p>In the 16th century, this building actually belonged to King Henry IV of France. At the time it was a hunting lodge surrounded by a vast forest on the outskirts of the city. It is a historical jewel, featuring many architectural details from the 19th century, at which time it became a hotel. In that [&hellip;]<\/p>\n","protected":false},"author":10,"featured_media":0,"parent":0,"menu_order":60,"comment_status":"closed","ping_status":"closed","template":"","meta":{"footnotes":""},"categories":[],"class_list":["post-186","page","type-page","status-publish","hentry"],"acf":[],"yoast_head":"<!-- This site is optimized with the Yoast SEO plugin v26.9 - https:\/\/yoast.com\/product\/yoast-seo-wordpress\/ -->\n<title>History of Eastern Paris - Hotel l&#039;\u00c9chiquier Op\u00e9ra Paris - MGallery<\/title>\n<meta name=\"description\" content=\"Boutique H\u00f4tel l&#039;\u00c9chiquier Op\u00e9ra Paris - MGallery offers a peaceful stay near the Grands Boulevards and famous performance halls.\" \/>\n<meta name=\"robots\" content=\"index, follow, max-snippet:-1, max-image-preview:large, max-video-preview:-1\" \/>\n<link rel=\"canonical\" href=\"https:\/\/www.lechiquieroperaparis.com\/en\/history\/\" \/>\n<meta property=\"og:locale\" content=\"en_US\" \/>\n<meta property=\"og:type\" content=\"article\" \/>\n<meta property=\"og:title\" content=\"History of Eastern Paris - Hotel l&#039;\u00c9chiquier Op\u00e9ra Paris - MGallery\" \/>\n<meta property=\"og:description\" content=\"Boutique H\u00f4tel l&#039;\u00c9chiquier Op\u00e9ra Paris - MGallery offers a peaceful stay near the Grands Boulevards and famous performance halls.\" \/>\n<meta property=\"og:url\" content=\"https:\/\/www.lechiquieroperaparis.com\/en\/history\/\" \/>\n<meta property=\"og:site_name\" content=\"L&#039;\u00c9chiquier Op\u00e9ra Paris Hptel - MGallery\" \/>\n<meta property=\"article:modified_time\" content=\"2022-06-14T16:34:22+00:00\" \/>\n<meta name=\"twitter:card\" content=\"summary_large_image\" \/>\n<meta name=\"twitter:label1\" content=\"Est. reading time\" \/>\n\t<meta name=\"twitter:data1\" content=\"1 minute\" \/>\n<script type=\"application\/ld+json\" class=\"yoast-schema-graph\">{\"@context\":\"https:\/\/schema.org\",\"@graph\":[{\"@type\":\"WebPage\",\"@id\":\"https:\/\/www.lechiquieroperaparis.com\/en\/history\/\",\"url\":\"https:\/\/www.lechiquieroperaparis.com\/en\/history\/\",\"name\":\"History of Eastern Paris - Hotel l'\u00c9chiquier Op\u00e9ra Paris - MGallery\",\"isPartOf\":{\"@id\":\"https:\/\/www.lechiquieroperaparis.com\/#website\"},\"datePublished\":\"2022-04-19T12:17:32+00:00\",\"dateModified\":\"2022-06-14T16:34:22+00:00\",\"description\":\"Boutique H\u00f4tel l'\u00c9chiquier Op\u00e9ra Paris - MGallery offers a peaceful stay near the Grands Boulevards and famous performance halls.\",\"breadcrumb\":{\"@id\":\"https:\/\/www.lechiquieroperaparis.com\/en\/history\/#breadcrumb\"},\"inLanguage\":\"en-US\",\"potentialAction\":[{\"@type\":\"ReadAction\",\"target\":[\"https:\/\/www.lechiquieroperaparis.com\/en\/history\/\"]}]},{\"@type\":\"BreadcrumbList\",\"@id\":\"https:\/\/www.lechiquieroperaparis.com\/en\/history\/#breadcrumb\",\"itemListElement\":[{\"@type\":\"ListItem\",\"position\":1,\"name\":\"Home\",\"item\":\"https:\/\/www.lechiquieroperaparis.com\/en\/\"},{\"@type\":\"ListItem\",\"position\":2,\"name\":\"History\"}]},{\"@type\":\"WebSite\",\"@id\":\"https:\/\/www.lechiquieroperaparis.com\/#website\",\"url\":\"https:\/\/www.lechiquieroperaparis.com\/\",\"name\":\"L'\u00c9chiquier Op\u00e9ra Paris Hptel - MGallery\",\"description\":\"Just another D-Edge Accor V2 Sites Hosting site\",\"potentialAction\":[{\"@type\":\"SearchAction\",\"target\":{\"@type\":\"EntryPoint\",\"urlTemplate\":\"https:\/\/www.lechiquieroperaparis.com\/?s={search_term_string}\"},\"query-input\":{\"@type\":\"PropertyValueSpecification\",\"valueRequired\":true,\"valueName\":\"search_term_string\"}}],\"inLanguage\":\"en-US\"}]}<\/script>\n<!-- \/ Yoast SEO plugin. -->","yoast_head_json":{"title":"History of Eastern Paris - Hotel l'\u00c9chiquier Op\u00e9ra Paris - MGallery","description":"Boutique H\u00f4tel l'\u00c9chiquier Op\u00e9ra Paris - MGallery offers a peaceful stay near the Grands Boulevards and famous performance halls.","robots":{"index":"index","follow":"follow","max-snippet":"max-snippet:-1","max-image-preview":"max-image-preview:large","max-video-preview":"max-video-preview:-1"},"canonical":"https:\/\/www.lechiquieroperaparis.com\/en\/history\/","og_locale":"en_US","og_type":"article","og_title":"History of Eastern Paris - Hotel l'\u00c9chiquier Op\u00e9ra Paris - MGallery","og_description":"Boutique H\u00f4tel l'\u00c9chiquier Op\u00e9ra Paris - MGallery offers a peaceful stay near the Grands Boulevards and famous performance halls.","og_url":"https:\/\/www.lechiquieroperaparis.com\/en\/history\/","og_site_name":"L'\u00c9chiquier Op\u00e9ra Paris Hptel - MGallery","article_modified_time":"2022-06-14T16:34:22+00:00","twitter_card":"summary_large_image","twitter_misc":{"Est. reading time":"1 minute"},"schema":{"@context":"https:\/\/schema.org","@graph":[{"@type":"WebPage","@id":"https:\/\/www.lechiquieroperaparis.com\/en\/history\/","url":"https:\/\/www.lechiquieroperaparis.com\/en\/history\/","name":"History of Eastern Paris - Hotel l'\u00c9chiquier Op\u00e9ra Paris - MGallery","isPartOf":{"@id":"https:\/\/www.lechiquieroperaparis.com\/#website"},"datePublished":"2022-04-19T12:17:32+00:00","dateModified":"2022-06-14T16:34:22+00:00","description":"Boutique H\u00f4tel l'\u00c9chiquier Op\u00e9ra Paris - MGallery offers a peaceful stay near the Grands Boulevards and famous performance halls.","breadcrumb":{"@id":"https:\/\/www.lechiquieroperaparis.com\/en\/history\/#breadcrumb"},"inLanguage":"en-US","potentialAction":[{"@type":"ReadAction","target":["https:\/\/www.lechiquieroperaparis.com\/en\/history\/"]}]},{"@type":"BreadcrumbList","@id":"https:\/\/www.lechiquieroperaparis.com\/en\/history\/#breadcrumb","itemListElement":[{"@type":"ListItem","position":1,"name":"Home","item":"https:\/\/www.lechiquieroperaparis.com\/en\/"},{"@type":"ListItem","position":2,"name":"History"}]},{"@type":"WebSite","@id":"https:\/\/www.lechiquieroperaparis.com\/#website","url":"https:\/\/www.lechiquieroperaparis.com\/","name":"L'\u00c9chiquier Op\u00e9ra Paris Hptel - MGallery","description":"Just another D-Edge Accor V2 Sites Hosting site","potentialAction":[{"@type":"SearchAction","target":{"@type":"EntryPoint","urlTemplate":"https:\/\/www.lechiquieroperaparis.com\/?s={search_term_string}"},"query-input":{"@type":"PropertyValueSpecification","valueRequired":true,"valueName":"search_term_string"}}],"inLanguage":"en-US"}]}},"_links":{"self":[{"href":"https:\/\/www.lechiquieroperaparis.com\/en\/wp-json\/wp\/v2\/pages\/186","targetHints":{"allow":["GET"]}}],"collection":[{"href":"https:\/\/www.lechiquieroperaparis.com\/en\/wp-json\/wp\/v2\/pages"}],"about":[{"href":"https:\/\/www.lechiquieroperaparis.com\/en\/wp-json\/wp\/v2\/types\/page"}],"author":[{"embeddable":true,"href":"https:\/\/www.lechiquieroperaparis.com\/en\/wp-json\/wp\/v2\/users\/10"}],"replies":[{"embeddable":true,"href":"https:\/\/www.lechiquieroperaparis.com\/en\/wp-json\/wp\/v2\/comments?post=186"}],"version-history":[{"count":0,"href":"https:\/\/www.lechiquieroperaparis.com\/en\/wp-json\/wp\/v2\/pages\/186\/revisions"}],"wp:attachment":[{"href":"https:\/\/www.lechiquieroperaparis.com\/en\/wp-json\/wp\/v2\/media?parent=186"}],"wp:term":[{"taxonomy":"category","embeddable":true,"href":"https:\/\/www.lechiquieroperaparis.com\/en\/wp-json\/wp\/v2\/categories?post=186"}],"curies":[{"name":"wp","href":"https:\/\/api.w.org\/{rel}","templated":true}]}}