{"id":188,"date":"2022-04-19T12:20:05","date_gmt":"2022-04-19T12:20:05","guid":{"rendered":"https:\/\/echiquier-opera.accorv2prod.decms.eu\/?page_id=188"},"modified":"2022-06-14T16:34:49","modified_gmt":"2022-06-14T16:34:49","slug":"memorable-moment-in-paris","status":"publish","type":"page","link":"https:\/\/www.lechiquieroperaparis.com\/en\/memorable-moment-in-paris\/","title":{"rendered":"Memorable Moment in Paris"},"content":{"rendered":"<p>Experience a Memorable Moment with Olivier, our private guide, as he takes you on a voyage of discovery of the secrets of our hotel, its surrounding covered passages and fascinating neighbourhood.<\/p>\n<p>Your exclusive tour of the Op\u00e9ra district begins with a cocktail under the splendid glass roof of <a href=\"https:\/\/echiquier-opera.accorv2prod.decms.eu\/en\/bar-and-restaurant-le-38\/le-38-bar-lounge\/\">our lounge bar, Le 38<\/a>. Discover the history of our hotel before exploring its vicinity. Follow our intriguing tour to the Sainte-C\u00e9cile church, the Conservatoire and the predecessor to the Banque Nationale de Paris. Finally, uncover the mysteries of the famous Panoramas, Jouffroy and Verdeau covered passages and their captivating stories.<\/p>\n<p>Duration: 90 minutes to 2 hours<br \/>\nPrice: \u20ac65 per person<\/p>\n","protected":false},"excerpt":{"rendered":"<p>Experience a Memorable Moment with Olivier, our private guide, as he takes you on a voyage of discovery of the secrets of our hotel, its surrounding covered passages and fascinating neighbourhood. Your exclusive tour of the Op\u00e9ra district begins with a cocktail under the splendid glass roof of our lounge bar, Le 38. Discover the [&hellip;]<\/p>\n","protected":false},"author":10,"featured_media":0,"parent":0,"menu_order":65,"comment_status":"closed","ping_status":"closed","template":"","meta":{"footnotes":""},"categories":[],"class_list":["post-188","page","type-page","status-publish","hentry"],"acf":[],"yoast_head":"<!-- This site is optimized with the Yoast SEO plugin v26.9 - https:\/\/yoast.com\/product\/yoast-seo-wordpress\/ -->\n<title>Memorable Moment guided tour - H\u00f4tel l&#039;\u00c9chiquier Op\u00e9ra Paris - MGallery<\/title>\n<meta name=\"description\" content=\"Discover the history of the Op\u00e9ra district and its covered passages on a guided tour with this MGallery Memorable Moment in Paris.\" \/>\n<meta name=\"robots\" content=\"index, follow, max-snippet:-1, max-image-preview:large, max-video-preview:-1\" \/>\n<link rel=\"canonical\" href=\"https:\/\/www.lechiquieroperaparis.com\/en\/memorable-moment-in-paris\/\" \/>\n<meta property=\"og:locale\" content=\"en_US\" \/>\n<meta property=\"og:type\" content=\"article\" \/>\n<meta property=\"og:title\" content=\"Memorable Moment guided tour - H\u00f4tel l&#039;\u00c9chiquier Op\u00e9ra Paris - MGallery\" \/>\n<meta property=\"og:description\" content=\"Discover the history of the Op\u00e9ra district and its covered passages on a guided tour with this MGallery Memorable Moment in Paris.\" \/>\n<meta property=\"og:url\" content=\"https:\/\/www.lechiquieroperaparis.com\/en\/memorable-moment-in-paris\/\" \/>\n<meta property=\"og:site_name\" content=\"L&#039;\u00c9chiquier Op\u00e9ra Paris Hptel - MGallery\" \/>\n<meta property=\"article:modified_time\" content=\"2022-06-14T16:34:49+00:00\" \/>\n<meta name=\"twitter:card\" content=\"summary_large_image\" \/>\n<meta name=\"twitter:label1\" content=\"Est. reading time\" \/>\n\t<meta name=\"twitter:data1\" content=\"1 minute\" \/>\n<script type=\"application\/ld+json\" class=\"yoast-schema-graph\">{\"@context\":\"https:\/\/schema.org\",\"@graph\":[{\"@type\":\"WebPage\",\"@id\":\"https:\/\/www.lechiquieroperaparis.com\/en\/memorable-moment-in-paris\/\",\"url\":\"https:\/\/www.lechiquieroperaparis.com\/en\/memorable-moment-in-paris\/\",\"name\":\"Memorable Moment guided tour - H\u00f4tel l'\u00c9chiquier Op\u00e9ra Paris - MGallery\",\"isPartOf\":{\"@id\":\"https:\/\/www.lechiquieroperaparis.com\/#website\"},\"datePublished\":\"2022-04-19T12:20:05+00:00\",\"dateModified\":\"2022-06-14T16:34:49+00:00\",\"description\":\"Discover the history of the Op\u00e9ra district and its covered passages on a guided tour with this MGallery Memorable Moment in Paris.\",\"breadcrumb\":{\"@id\":\"https:\/\/www.lechiquieroperaparis.com\/en\/memorable-moment-in-paris\/#breadcrumb\"},\"inLanguage\":\"en-US\",\"potentialAction\":[{\"@type\":\"ReadAction\",\"target\":[\"https:\/\/www.lechiquieroperaparis.com\/en\/memorable-moment-in-paris\/\"]}]},{\"@type\":\"BreadcrumbList\",\"@id\":\"https:\/\/www.lechiquieroperaparis.com\/en\/memorable-moment-in-paris\/#breadcrumb\",\"itemListElement\":[{\"@type\":\"ListItem\",\"position\":1,\"name\":\"Home\",\"item\":\"https:\/\/www.lechiquieroperaparis.com\/en\/\"},{\"@type\":\"ListItem\",\"position\":2,\"name\":\"Memorable Moment in Paris\"}]},{\"@type\":\"WebSite\",\"@id\":\"https:\/\/www.lechiquieroperaparis.com\/#website\",\"url\":\"https:\/\/www.lechiquieroperaparis.com\/\",\"name\":\"L'\u00c9chiquier Op\u00e9ra Paris Hptel - MGallery\",\"description\":\"Just another D-Edge Accor V2 Sites Hosting site\",\"potentialAction\":[{\"@type\":\"SearchAction\",\"target\":{\"@type\":\"EntryPoint\",\"urlTemplate\":\"https:\/\/www.lechiquieroperaparis.com\/?s={search_term_string}\"},\"query-input\":{\"@type\":\"PropertyValueSpecification\",\"valueRequired\":true,\"valueName\":\"search_term_string\"}}],\"inLanguage\":\"en-US\"}]}<\/script>\n<!-- \/ Yoast SEO plugin. -->","yoast_head_json":{"title":"Memorable Moment guided tour - H\u00f4tel l'\u00c9chiquier Op\u00e9ra Paris - MGallery","description":"Discover the history of the Op\u00e9ra district and its covered passages on a guided tour with this MGallery Memorable Moment in Paris.","robots":{"index":"index","follow":"follow","max-snippet":"max-snippet:-1","max-image-preview":"max-image-preview:large","max-video-preview":"max-video-preview:-1"},"canonical":"https:\/\/www.lechiquieroperaparis.com\/en\/memorable-moment-in-paris\/","og_locale":"en_US","og_type":"article","og_title":"Memorable Moment guided tour - H\u00f4tel l'\u00c9chiquier Op\u00e9ra Paris - MGallery","og_description":"Discover the history of the Op\u00e9ra district and its covered passages on a guided tour with this MGallery Memorable Moment in Paris.","og_url":"https:\/\/www.lechiquieroperaparis.com\/en\/memorable-moment-in-paris\/","og_site_name":"L'\u00c9chiquier Op\u00e9ra Paris Hptel - MGallery","article_modified_time":"2022-06-14T16:34:49+00:00","twitter_card":"summary_large_image","twitter_misc":{"Est. reading time":"1 minute"},"schema":{"@context":"https:\/\/schema.org","@graph":[{"@type":"WebPage","@id":"https:\/\/www.lechiquieroperaparis.com\/en\/memorable-moment-in-paris\/","url":"https:\/\/www.lechiquieroperaparis.com\/en\/memorable-moment-in-paris\/","name":"Memorable Moment guided tour - H\u00f4tel l'\u00c9chiquier Op\u00e9ra Paris - MGallery","isPartOf":{"@id":"https:\/\/www.lechiquieroperaparis.com\/#website"},"datePublished":"2022-04-19T12:20:05+00:00","dateModified":"2022-06-14T16:34:49+00:00","description":"Discover the history of the Op\u00e9ra district and its covered passages on a guided tour with this MGallery Memorable Moment in Paris.","breadcrumb":{"@id":"https:\/\/www.lechiquieroperaparis.com\/en\/memorable-moment-in-paris\/#breadcrumb"},"inLanguage":"en-US","potentialAction":[{"@type":"ReadAction","target":["https:\/\/www.lechiquieroperaparis.com\/en\/memorable-moment-in-paris\/"]}]},{"@type":"BreadcrumbList","@id":"https:\/\/www.lechiquieroperaparis.com\/en\/memorable-moment-in-paris\/#breadcrumb","itemListElement":[{"@type":"ListItem","position":1,"name":"Home","item":"https:\/\/www.lechiquieroperaparis.com\/en\/"},{"@type":"ListItem","position":2,"name":"Memorable Moment in Paris"}]},{"@type":"WebSite","@id":"https:\/\/www.lechiquieroperaparis.com\/#website","url":"https:\/\/www.lechiquieroperaparis.com\/","name":"L'\u00c9chiquier Op\u00e9ra Paris Hptel - MGallery","description":"Just another D-Edge Accor V2 Sites Hosting site","potentialAction":[{"@type":"SearchAction","target":{"@type":"EntryPoint","urlTemplate":"https:\/\/www.lechiquieroperaparis.com\/?s={search_term_string}"},"query-input":{"@type":"PropertyValueSpecification","valueRequired":true,"valueName":"search_term_string"}}],"inLanguage":"en-US"}]}},"_links":{"self":[{"href":"https:\/\/www.lechiquieroperaparis.com\/en\/wp-json\/wp\/v2\/pages\/188","targetHints":{"allow":["GET"]}}],"collection":[{"href":"https:\/\/www.lechiquieroperaparis.com\/en\/wp-json\/wp\/v2\/pages"}],"about":[{"href":"https:\/\/www.lechiquieroperaparis.com\/en\/wp-json\/wp\/v2\/types\/page"}],"author":[{"embeddable":true,"href":"https:\/\/www.lechiquieroperaparis.com\/en\/wp-json\/wp\/v2\/users\/10"}],"replies":[{"embeddable":true,"href":"https:\/\/www.lechiquieroperaparis.com\/en\/wp-json\/wp\/v2\/comments?post=188"}],"version-history":[{"count":0,"href":"https:\/\/www.lechiquieroperaparis.com\/en\/wp-json\/wp\/v2\/pages\/188\/revisions"}],"wp:attachment":[{"href":"https:\/\/www.lechiquieroperaparis.com\/en\/wp-json\/wp\/v2\/media?parent=188"}],"wp:term":[{"taxonomy":"category","embeddable":true,"href":"https:\/\/www.lechiquieroperaparis.com\/en\/wp-json\/wp\/v2\/categories?post=188"}],"curies":[{"name":"wp","href":"https:\/\/api.w.org\/{rel}","templated":true}]}}