{"id":189,"date":"2022-04-19T12:25:21","date_gmt":"2022-04-19T12:25:21","guid":{"rendered":"https:\/\/echiquier-opera.accorv2prod.decms.eu\/?page_id=189"},"modified":"2022-04-19T12:25:21","modified_gmt":"2022-04-19T12:25:21","slug":"rooms-suites","status":"publish","type":"page","link":"https:\/\/www.lechiquieroperaparis.com\/en\/rooms-suites\/","title":{"rendered":"Rooms &#038; Suites"},"content":{"rendered":"<p>Experience true Parisian life while staying on the Rue de l&#8217;\u00c9chiquier. Our rooms and suites are designed in the style of 1930s apartments with a contemporary twist.<\/p>\n<p>This residential area in the 10th arrondissement is surprisingly peaceful given its privileged location. We are only a few steps away from the Grands Boulevards for your evening outings, near the Canal Saint-Martin for a romantic stroll, and within walking distance of the capital&#8217;s prime attractions such as the Louvre, the Op\u00e9ra, and the Galeries Lafayette and Printemps department stores.<\/p>\n<p>Choose your new Parisian pied-\u00e0-terre with a view of Montmartre and the Sacr\u00e9-Coeur, or a balcony overlooking the street and Paris rooftops. Tranquillity, personalised attentions and four-star comfort await you in each of our rooms and suites.<\/p>\n","protected":false},"excerpt":{"rendered":"<p>Experience true Parisian life while staying on the Rue de l&#8217;\u00c9chiquier. Our rooms and suites are designed in the style of 1930s apartments with a contemporary twist. This residential area in the 10th arrondissement is surprisingly peaceful given its privileged location. We are only a few steps away from the Grands Boulevards for your evening [&hellip;]<\/p>\n","protected":false},"author":10,"featured_media":0,"parent":0,"menu_order":40,"comment_status":"closed","ping_status":"closed","template":"template-rooms.php","meta":{"footnotes":""},"categories":[],"class_list":["post-189","page","type-page","status-publish","hentry"],"acf":[],"yoast_head":"<!-- This site is optimized with the Yoast SEO plugin v26.9 - https:\/\/yoast.com\/product\/yoast-seo-wordpress\/ -->\n<title>Rooms and suites - H\u00f4tel l&#039;\u00c9chiquier Op\u00e9ra Paris - MGallery<\/title>\n<meta name=\"description\" content=\"In a quiet street, near the main attractions of Paris, H\u00f4tel l&#039;\u00c9chiquier Op\u00e9ra Paris MGallery offers you 4-star rooms and suites.\" \/>\n<meta name=\"robots\" content=\"index, follow, max-snippet:-1, max-image-preview:large, max-video-preview:-1\" \/>\n<link rel=\"canonical\" href=\"https:\/\/www.lechiquieroperaparis.com\/en\/rooms-suites\/\" \/>\n<meta property=\"og:locale\" content=\"en_US\" \/>\n<meta property=\"og:type\" content=\"article\" \/>\n<meta property=\"og:title\" content=\"Rooms and suites - H\u00f4tel l&#039;\u00c9chiquier Op\u00e9ra Paris - MGallery\" \/>\n<meta property=\"og:description\" content=\"In a quiet street, near the main attractions of Paris, H\u00f4tel l&#039;\u00c9chiquier Op\u00e9ra Paris MGallery offers you 4-star rooms and suites.\" \/>\n<meta property=\"og:url\" content=\"https:\/\/www.lechiquieroperaparis.com\/en\/rooms-suites\/\" \/>\n<meta property=\"og:site_name\" content=\"L&#039;\u00c9chiquier Op\u00e9ra Paris Hptel - MGallery\" \/>\n<meta name=\"twitter:card\" content=\"summary_large_image\" \/>\n<meta name=\"twitter:label1\" content=\"Est. reading time\" \/>\n\t<meta name=\"twitter:data1\" content=\"1 minute\" \/>\n<script type=\"application\/ld+json\" class=\"yoast-schema-graph\">{\"@context\":\"https:\/\/schema.org\",\"@graph\":[{\"@type\":\"WebPage\",\"@id\":\"https:\/\/www.lechiquieroperaparis.com\/en\/rooms-suites\/\",\"url\":\"https:\/\/www.lechiquieroperaparis.com\/en\/rooms-suites\/\",\"name\":\"Rooms and suites - H\u00f4tel l'\u00c9chiquier Op\u00e9ra Paris - MGallery\",\"isPartOf\":{\"@id\":\"https:\/\/www.lechiquieroperaparis.com\/#website\"},\"datePublished\":\"2022-04-19T12:25:21+00:00\",\"description\":\"In a quiet street, near the main attractions of Paris, H\u00f4tel l'\u00c9chiquier Op\u00e9ra Paris MGallery offers you 4-star rooms and suites.\",\"breadcrumb\":{\"@id\":\"https:\/\/www.lechiquieroperaparis.com\/en\/rooms-suites\/#breadcrumb\"},\"inLanguage\":\"en-US\",\"potentialAction\":[{\"@type\":\"ReadAction\",\"target\":[\"https:\/\/www.lechiquieroperaparis.com\/en\/rooms-suites\/\"]}]},{\"@type\":\"BreadcrumbList\",\"@id\":\"https:\/\/www.lechiquieroperaparis.com\/en\/rooms-suites\/#breadcrumb\",\"itemListElement\":[{\"@type\":\"ListItem\",\"position\":1,\"name\":\"Home\",\"item\":\"https:\/\/www.lechiquieroperaparis.com\/en\/\"},{\"@type\":\"ListItem\",\"position\":2,\"name\":\"Rooms &#038; Suites\"}]},{\"@type\":\"WebSite\",\"@id\":\"https:\/\/www.lechiquieroperaparis.com\/#website\",\"url\":\"https:\/\/www.lechiquieroperaparis.com\/\",\"name\":\"L'\u00c9chiquier Op\u00e9ra Paris Hptel - MGallery\",\"description\":\"Just another D-Edge Accor V2 Sites Hosting site\",\"potentialAction\":[{\"@type\":\"SearchAction\",\"target\":{\"@type\":\"EntryPoint\",\"urlTemplate\":\"https:\/\/www.lechiquieroperaparis.com\/?s={search_term_string}\"},\"query-input\":{\"@type\":\"PropertyValueSpecification\",\"valueRequired\":true,\"valueName\":\"search_term_string\"}}],\"inLanguage\":\"en-US\"}]}<\/script>\n<!-- \/ Yoast SEO plugin. -->","yoast_head_json":{"title":"Rooms and suites - H\u00f4tel l'\u00c9chiquier Op\u00e9ra Paris - MGallery","description":"In a quiet street, near the main attractions of Paris, H\u00f4tel l'\u00c9chiquier Op\u00e9ra Paris MGallery offers you 4-star rooms and suites.","robots":{"index":"index","follow":"follow","max-snippet":"max-snippet:-1","max-image-preview":"max-image-preview:large","max-video-preview":"max-video-preview:-1"},"canonical":"https:\/\/www.lechiquieroperaparis.com\/en\/rooms-suites\/","og_locale":"en_US","og_type":"article","og_title":"Rooms and suites - H\u00f4tel l'\u00c9chiquier Op\u00e9ra Paris - MGallery","og_description":"In a quiet street, near the main attractions of Paris, H\u00f4tel l'\u00c9chiquier Op\u00e9ra Paris MGallery offers you 4-star rooms and suites.","og_url":"https:\/\/www.lechiquieroperaparis.com\/en\/rooms-suites\/","og_site_name":"L'\u00c9chiquier Op\u00e9ra Paris Hptel - MGallery","twitter_card":"summary_large_image","twitter_misc":{"Est. reading time":"1 minute"},"schema":{"@context":"https:\/\/schema.org","@graph":[{"@type":"WebPage","@id":"https:\/\/www.lechiquieroperaparis.com\/en\/rooms-suites\/","url":"https:\/\/www.lechiquieroperaparis.com\/en\/rooms-suites\/","name":"Rooms and suites - H\u00f4tel l'\u00c9chiquier Op\u00e9ra Paris - MGallery","isPartOf":{"@id":"https:\/\/www.lechiquieroperaparis.com\/#website"},"datePublished":"2022-04-19T12:25:21+00:00","description":"In a quiet street, near the main attractions of Paris, H\u00f4tel l'\u00c9chiquier Op\u00e9ra Paris MGallery offers you 4-star rooms and suites.","breadcrumb":{"@id":"https:\/\/www.lechiquieroperaparis.com\/en\/rooms-suites\/#breadcrumb"},"inLanguage":"en-US","potentialAction":[{"@type":"ReadAction","target":["https:\/\/www.lechiquieroperaparis.com\/en\/rooms-suites\/"]}]},{"@type":"BreadcrumbList","@id":"https:\/\/www.lechiquieroperaparis.com\/en\/rooms-suites\/#breadcrumb","itemListElement":[{"@type":"ListItem","position":1,"name":"Home","item":"https:\/\/www.lechiquieroperaparis.com\/en\/"},{"@type":"ListItem","position":2,"name":"Rooms &#038; Suites"}]},{"@type":"WebSite","@id":"https:\/\/www.lechiquieroperaparis.com\/#website","url":"https:\/\/www.lechiquieroperaparis.com\/","name":"L'\u00c9chiquier Op\u00e9ra Paris Hptel - MGallery","description":"Just another D-Edge Accor V2 Sites Hosting site","potentialAction":[{"@type":"SearchAction","target":{"@type":"EntryPoint","urlTemplate":"https:\/\/www.lechiquieroperaparis.com\/?s={search_term_string}"},"query-input":{"@type":"PropertyValueSpecification","valueRequired":true,"valueName":"search_term_string"}}],"inLanguage":"en-US"}]}},"_links":{"self":[{"href":"https:\/\/www.lechiquieroperaparis.com\/en\/wp-json\/wp\/v2\/pages\/189","targetHints":{"allow":["GET"]}}],"collection":[{"href":"https:\/\/www.lechiquieroperaparis.com\/en\/wp-json\/wp\/v2\/pages"}],"about":[{"href":"https:\/\/www.lechiquieroperaparis.com\/en\/wp-json\/wp\/v2\/types\/page"}],"author":[{"embeddable":true,"href":"https:\/\/www.lechiquieroperaparis.com\/en\/wp-json\/wp\/v2\/users\/10"}],"replies":[{"embeddable":true,"href":"https:\/\/www.lechiquieroperaparis.com\/en\/wp-json\/wp\/v2\/comments?post=189"}],"version-history":[{"count":0,"href":"https:\/\/www.lechiquieroperaparis.com\/en\/wp-json\/wp\/v2\/pages\/189\/revisions"}],"wp:attachment":[{"href":"https:\/\/www.lechiquieroperaparis.com\/en\/wp-json\/wp\/v2\/media?parent=189"}],"wp:term":[{"taxonomy":"category","embeddable":true,"href":"https:\/\/www.lechiquieroperaparis.com\/en\/wp-json\/wp\/v2\/categories?post=189"}],"curies":[{"name":"wp","href":"https:\/\/api.w.org\/{rel}","templated":true}]}}