{"id":193,"date":"2022-04-19T12:33:13","date_gmt":"2022-04-19T12:33:13","guid":{"rendered":"https:\/\/echiquier-opera.accorv2prod.decms.eu\/?page_id=193"},"modified":"2022-04-19T12:34:50","modified_gmt":"2022-04-19T12:34:50","slug":"deluxe-room","status":"publish","type":"page","link":"https:\/\/www.lechiquieroperaparis.com\/en\/rooms-suites\/deluxe-room\/","title":{"rendered":"Deluxe Room"},"content":{"rendered":"<p>Our Deluxe room is suitable for all your Parisian stays. Its spacious design allows you to truly unwind after a day of sightseeing in Paris. Relax under the shower or in a bath scented with Clarins products before revelling in the comfort of your king-size bed or ordering dinner from room service. Take advantage of the desk area and free Wi-Fi to prepare for your meeting, or sip an espresso on the chaise longue while watching your favourite programme.<\/p>\n<p>Like our hotel, which is ideally located in Paris for tourist, business or romantic stays, the Deluxe room offers you privileges to enjoy according to your preferences.<\/p>\n","protected":false},"excerpt":{"rendered":"<p>Our Deluxe room is suitable for all your Parisian stays. Its spacious design allows you to truly unwind after a day of sightseeing in Paris. Relax under the shower or in a bath scented with Clarins products before revelling in the comfort of your king-size bed or ordering dinner from room service. Take advantage of [&hellip;]<\/p>\n","protected":false},"author":10,"featured_media":0,"parent":189,"menu_order":40,"comment_status":"closed","ping_status":"closed","template":"template-room.php","meta":{"footnotes":""},"categories":[],"class_list":["post-193","page","type-page","status-publish","hentry"],"acf":[],"yoast_head":"<!-- This site is optimized with the Yoast SEO plugin v26.9 - https:\/\/yoast.com\/product\/yoast-seo-wordpress\/ -->\n<title>Deluxe Room - H\u00f4tel l&#039;\u00c9chiquier Op\u00e9ra Paris - MGallery<\/title>\n<meta name=\"description\" content=\"Choose our Deluxe rooms for extra comfort at H\u00f4tel l&#039;\u00c9chiquier Op\u00e9ra Paris MGallery, near the Grands Boulevards.\" \/>\n<meta name=\"robots\" content=\"index, follow, max-snippet:-1, max-image-preview:large, max-video-preview:-1\" \/>\n<link rel=\"canonical\" href=\"https:\/\/www.lechiquieroperaparis.com\/en\/rooms-suites\/deluxe-room\/\" \/>\n<meta property=\"og:locale\" content=\"en_US\" \/>\n<meta property=\"og:type\" content=\"article\" \/>\n<meta property=\"og:title\" content=\"Deluxe Room - H\u00f4tel l&#039;\u00c9chiquier Op\u00e9ra Paris - MGallery\" \/>\n<meta property=\"og:description\" content=\"Choose our Deluxe rooms for extra comfort at H\u00f4tel l&#039;\u00c9chiquier Op\u00e9ra Paris MGallery, near the Grands Boulevards.\" \/>\n<meta property=\"og:url\" content=\"https:\/\/www.lechiquieroperaparis.com\/en\/rooms-suites\/deluxe-room\/\" \/>\n<meta property=\"og:site_name\" content=\"L&#039;\u00c9chiquier Op\u00e9ra Paris Hptel - MGallery\" \/>\n<meta property=\"article:modified_time\" content=\"2022-04-19T12:34:50+00:00\" \/>\n<meta name=\"twitter:card\" content=\"summary_large_image\" \/>\n<meta name=\"twitter:label1\" content=\"Est. reading time\" \/>\n\t<meta name=\"twitter:data1\" content=\"1 minute\" \/>\n<script type=\"application\/ld+json\" class=\"yoast-schema-graph\">{\"@context\":\"https:\/\/schema.org\",\"@graph\":[{\"@type\":\"WebPage\",\"@id\":\"https:\/\/www.lechiquieroperaparis.com\/en\/rooms-suites\/deluxe-room\/\",\"url\":\"https:\/\/www.lechiquieroperaparis.com\/en\/rooms-suites\/deluxe-room\/\",\"name\":\"Deluxe Room - H\u00f4tel l'\u00c9chiquier Op\u00e9ra Paris - MGallery\",\"isPartOf\":{\"@id\":\"https:\/\/www.lechiquieroperaparis.com\/#website\"},\"datePublished\":\"2022-04-19T12:33:13+00:00\",\"dateModified\":\"2022-04-19T12:34:50+00:00\",\"description\":\"Choose our Deluxe rooms for extra comfort at H\u00f4tel l'\u00c9chiquier Op\u00e9ra Paris MGallery, near the Grands Boulevards.\",\"breadcrumb\":{\"@id\":\"https:\/\/www.lechiquieroperaparis.com\/en\/rooms-suites\/deluxe-room\/#breadcrumb\"},\"inLanguage\":\"en-US\",\"potentialAction\":[{\"@type\":\"ReadAction\",\"target\":[\"https:\/\/www.lechiquieroperaparis.com\/en\/rooms-suites\/deluxe-room\/\"]}]},{\"@type\":\"BreadcrumbList\",\"@id\":\"https:\/\/www.lechiquieroperaparis.com\/en\/rooms-suites\/deluxe-room\/#breadcrumb\",\"itemListElement\":[{\"@type\":\"ListItem\",\"position\":1,\"name\":\"Home\",\"item\":\"https:\/\/www.lechiquieroperaparis.com\/en\/\"},{\"@type\":\"ListItem\",\"position\":2,\"name\":\"Rooms &#038; Suites\",\"item\":\"https:\/\/www.lechiquieroperaparis.com\/en\/rooms-suites\/\"},{\"@type\":\"ListItem\",\"position\":3,\"name\":\"Deluxe Room\"}]},{\"@type\":\"WebSite\",\"@id\":\"https:\/\/www.lechiquieroperaparis.com\/#website\",\"url\":\"https:\/\/www.lechiquieroperaparis.com\/\",\"name\":\"L'\u00c9chiquier Op\u00e9ra Paris Hptel - MGallery\",\"description\":\"Just another D-Edge Accor V2 Sites Hosting site\",\"potentialAction\":[{\"@type\":\"SearchAction\",\"target\":{\"@type\":\"EntryPoint\",\"urlTemplate\":\"https:\/\/www.lechiquieroperaparis.com\/?s={search_term_string}\"},\"query-input\":{\"@type\":\"PropertyValueSpecification\",\"valueRequired\":true,\"valueName\":\"search_term_string\"}}],\"inLanguage\":\"en-US\"}]}<\/script>\n<!-- \/ Yoast SEO plugin. -->","yoast_head_json":{"title":"Deluxe Room - H\u00f4tel l'\u00c9chiquier Op\u00e9ra Paris - MGallery","description":"Choose our Deluxe rooms for extra comfort at H\u00f4tel l'\u00c9chiquier Op\u00e9ra Paris MGallery, near the Grands Boulevards.","robots":{"index":"index","follow":"follow","max-snippet":"max-snippet:-1","max-image-preview":"max-image-preview:large","max-video-preview":"max-video-preview:-1"},"canonical":"https:\/\/www.lechiquieroperaparis.com\/en\/rooms-suites\/deluxe-room\/","og_locale":"en_US","og_type":"article","og_title":"Deluxe Room - H\u00f4tel l'\u00c9chiquier Op\u00e9ra Paris - MGallery","og_description":"Choose our Deluxe rooms for extra comfort at H\u00f4tel l'\u00c9chiquier Op\u00e9ra Paris MGallery, near the Grands Boulevards.","og_url":"https:\/\/www.lechiquieroperaparis.com\/en\/rooms-suites\/deluxe-room\/","og_site_name":"L'\u00c9chiquier Op\u00e9ra Paris Hptel - MGallery","article_modified_time":"2022-04-19T12:34:50+00:00","twitter_card":"summary_large_image","twitter_misc":{"Est. reading time":"1 minute"},"schema":{"@context":"https:\/\/schema.org","@graph":[{"@type":"WebPage","@id":"https:\/\/www.lechiquieroperaparis.com\/en\/rooms-suites\/deluxe-room\/","url":"https:\/\/www.lechiquieroperaparis.com\/en\/rooms-suites\/deluxe-room\/","name":"Deluxe Room - H\u00f4tel l'\u00c9chiquier Op\u00e9ra Paris - MGallery","isPartOf":{"@id":"https:\/\/www.lechiquieroperaparis.com\/#website"},"datePublished":"2022-04-19T12:33:13+00:00","dateModified":"2022-04-19T12:34:50+00:00","description":"Choose our Deluxe rooms for extra comfort at H\u00f4tel l'\u00c9chiquier Op\u00e9ra Paris MGallery, near the Grands Boulevards.","breadcrumb":{"@id":"https:\/\/www.lechiquieroperaparis.com\/en\/rooms-suites\/deluxe-room\/#breadcrumb"},"inLanguage":"en-US","potentialAction":[{"@type":"ReadAction","target":["https:\/\/www.lechiquieroperaparis.com\/en\/rooms-suites\/deluxe-room\/"]}]},{"@type":"BreadcrumbList","@id":"https:\/\/www.lechiquieroperaparis.com\/en\/rooms-suites\/deluxe-room\/#breadcrumb","itemListElement":[{"@type":"ListItem","position":1,"name":"Home","item":"https:\/\/www.lechiquieroperaparis.com\/en\/"},{"@type":"ListItem","position":2,"name":"Rooms &#038; Suites","item":"https:\/\/www.lechiquieroperaparis.com\/en\/rooms-suites\/"},{"@type":"ListItem","position":3,"name":"Deluxe Room"}]},{"@type":"WebSite","@id":"https:\/\/www.lechiquieroperaparis.com\/#website","url":"https:\/\/www.lechiquieroperaparis.com\/","name":"L'\u00c9chiquier Op\u00e9ra Paris Hptel - MGallery","description":"Just another D-Edge Accor V2 Sites Hosting site","potentialAction":[{"@type":"SearchAction","target":{"@type":"EntryPoint","urlTemplate":"https:\/\/www.lechiquieroperaparis.com\/?s={search_term_string}"},"query-input":{"@type":"PropertyValueSpecification","valueRequired":true,"valueName":"search_term_string"}}],"inLanguage":"en-US"}]}},"_links":{"self":[{"href":"https:\/\/www.lechiquieroperaparis.com\/en\/wp-json\/wp\/v2\/pages\/193","targetHints":{"allow":["GET"]}}],"collection":[{"href":"https:\/\/www.lechiquieroperaparis.com\/en\/wp-json\/wp\/v2\/pages"}],"about":[{"href":"https:\/\/www.lechiquieroperaparis.com\/en\/wp-json\/wp\/v2\/types\/page"}],"author":[{"embeddable":true,"href":"https:\/\/www.lechiquieroperaparis.com\/en\/wp-json\/wp\/v2\/users\/10"}],"replies":[{"embeddable":true,"href":"https:\/\/www.lechiquieroperaparis.com\/en\/wp-json\/wp\/v2\/comments?post=193"}],"version-history":[{"count":0,"href":"https:\/\/www.lechiquieroperaparis.com\/en\/wp-json\/wp\/v2\/pages\/193\/revisions"}],"up":[{"embeddable":true,"href":"https:\/\/www.lechiquieroperaparis.com\/en\/wp-json\/wp\/v2\/pages\/189"}],"wp:attachment":[{"href":"https:\/\/www.lechiquieroperaparis.com\/en\/wp-json\/wp\/v2\/media?parent=193"}],"wp:term":[{"taxonomy":"category","embeddable":true,"href":"https:\/\/www.lechiquieroperaparis.com\/en\/wp-json\/wp\/v2\/categories?post=193"}],"curies":[{"name":"wp","href":"https:\/\/api.w.org\/{rel}","templated":true}]}}