{"id":194,"date":"2022-04-19T12:35:49","date_gmt":"2022-04-19T12:35:49","guid":{"rendered":"https:\/\/echiquier-opera.accorv2prod.decms.eu\/?page_id=194"},"modified":"2026-03-26T14:40:21","modified_gmt":"2026-03-26T14:40:21","slug":"deluxe-room-with-montmartre-view","status":"publish","type":"page","link":"https:\/\/www.lechiquieroperaparis.com\/en\/rooms-suites\/deluxe-room-with-montmartre-view\/","title":{"rendered":"Deluxe room with Montmartre view"},"content":{"rendered":"<p>What could be more romantic than a view of Montmartre and the Sacr\u00e9-C\u0153ur? The comfort and elegance of your Deluxe room are worthy of this postcard setting: a king-size bed, large bathroom,\u00a0 and espresso machine invite you to indulge in a delicious break&#8230;<\/p>\n<p>Choose this superb room and enjoy all the privileges of a four-star stay in the heart of Paris.<\/p>\n","protected":false},"excerpt":{"rendered":"<p>What could be more romantic than a view of Montmartre and the Sacr\u00e9-C\u0153ur? The comfort and elegance of your Deluxe room are worthy of this postcard setting: a king-size bed, large bathroom,\u00a0 and espresso machine invite you to indulge in a delicious break&#8230; Choose this superb room and enjoy all the privileges of a four-star [&hellip;]<\/p>\n","protected":false},"author":10,"featured_media":0,"parent":189,"menu_order":50,"comment_status":"closed","ping_status":"closed","template":"template-room.php","meta":{"footnotes":""},"categories":[],"class_list":["post-194","page","type-page","status-publish","hentry"],"acf":[],"yoast_head":"<!-- This site is optimized with the Yoast SEO plugin v26.9 - https:\/\/yoast.com\/product\/yoast-seo-wordpress\/ -->\n<title>Room with view of Montmartre - H\u00f4tel l&#039;\u00c9chiquier Op\u00e9ra Paris - MGallery<\/title>\n<meta name=\"description\" content=\"Combine romance and 4-star comfort in a Deluxe room with a view of Montmartre and the Sacr\u00e9-Coeur at H\u00f4tel l&#039;\u00c9chiquier Op\u00e9ra Paris MGallery.\" \/>\n<meta name=\"robots\" content=\"index, follow, max-snippet:-1, max-image-preview:large, max-video-preview:-1\" \/>\n<link rel=\"canonical\" href=\"https:\/\/www.lechiquieroperaparis.com\/en\/rooms-suites\/deluxe-room-with-montmartre-view\/\" \/>\n<meta property=\"og:locale\" content=\"en_US\" \/>\n<meta property=\"og:type\" content=\"article\" \/>\n<meta property=\"og:title\" content=\"Room with view of Montmartre - H\u00f4tel l&#039;\u00c9chiquier Op\u00e9ra Paris - MGallery\" \/>\n<meta property=\"og:description\" content=\"Combine romance and 4-star comfort in a Deluxe room with a view of Montmartre and the Sacr\u00e9-Coeur at H\u00f4tel l&#039;\u00c9chiquier Op\u00e9ra Paris MGallery.\" \/>\n<meta property=\"og:url\" content=\"https:\/\/www.lechiquieroperaparis.com\/en\/rooms-suites\/deluxe-room-with-montmartre-view\/\" \/>\n<meta property=\"og:site_name\" content=\"L&#039;\u00c9chiquier Op\u00e9ra Paris Hptel - MGallery\" \/>\n<meta property=\"article:modified_time\" content=\"2026-03-26T14:40:21+00:00\" \/>\n<meta name=\"twitter:card\" content=\"summary_large_image\" \/>\n<script type=\"application\/ld+json\" class=\"yoast-schema-graph\">{\"@context\":\"https:\/\/schema.org\",\"@graph\":[{\"@type\":\"WebPage\",\"@id\":\"https:\/\/www.lechiquieroperaparis.com\/en\/rooms-suites\/deluxe-room-with-montmartre-view\/\",\"url\":\"https:\/\/www.lechiquieroperaparis.com\/en\/rooms-suites\/deluxe-room-with-montmartre-view\/\",\"name\":\"Room with view of Montmartre - H\u00f4tel l'\u00c9chiquier Op\u00e9ra Paris - MGallery\",\"isPartOf\":{\"@id\":\"https:\/\/www.lechiquieroperaparis.com\/#website\"},\"datePublished\":\"2022-04-19T12:35:49+00:00\",\"dateModified\":\"2026-03-26T14:40:21+00:00\",\"description\":\"Combine romance and 4-star comfort in a Deluxe room with a view of Montmartre and the Sacr\u00e9-Coeur at H\u00f4tel l'\u00c9chiquier Op\u00e9ra Paris MGallery.\",\"breadcrumb\":{\"@id\":\"https:\/\/www.lechiquieroperaparis.com\/en\/rooms-suites\/deluxe-room-with-montmartre-view\/#breadcrumb\"},\"inLanguage\":\"en-US\",\"potentialAction\":[{\"@type\":\"ReadAction\",\"target\":[\"https:\/\/www.lechiquieroperaparis.com\/en\/rooms-suites\/deluxe-room-with-montmartre-view\/\"]}]},{\"@type\":\"BreadcrumbList\",\"@id\":\"https:\/\/www.lechiquieroperaparis.com\/en\/rooms-suites\/deluxe-room-with-montmartre-view\/#breadcrumb\",\"itemListElement\":[{\"@type\":\"ListItem\",\"position\":1,\"name\":\"Home\",\"item\":\"https:\/\/www.lechiquieroperaparis.com\/en\/\"},{\"@type\":\"ListItem\",\"position\":2,\"name\":\"Rooms &#038; Suites\",\"item\":\"https:\/\/www.lechiquieroperaparis.com\/en\/rooms-suites\/\"},{\"@type\":\"ListItem\",\"position\":3,\"name\":\"Deluxe room with Montmartre view\"}]},{\"@type\":\"WebSite\",\"@id\":\"https:\/\/www.lechiquieroperaparis.com\/#website\",\"url\":\"https:\/\/www.lechiquieroperaparis.com\/\",\"name\":\"L'\u00c9chiquier Op\u00e9ra Paris Hptel - MGallery\",\"description\":\"Just another D-Edge Accor V2 Sites Hosting site\",\"potentialAction\":[{\"@type\":\"SearchAction\",\"target\":{\"@type\":\"EntryPoint\",\"urlTemplate\":\"https:\/\/www.lechiquieroperaparis.com\/?s={search_term_string}\"},\"query-input\":{\"@type\":\"PropertyValueSpecification\",\"valueRequired\":true,\"valueName\":\"search_term_string\"}}],\"inLanguage\":\"en-US\"}]}<\/script>\n<!-- \/ Yoast SEO plugin. -->","yoast_head_json":{"title":"Room with view of Montmartre - H\u00f4tel l'\u00c9chiquier Op\u00e9ra Paris - MGallery","description":"Combine romance and 4-star comfort in a Deluxe room with a view of Montmartre and the Sacr\u00e9-Coeur at H\u00f4tel l'\u00c9chiquier Op\u00e9ra Paris MGallery.","robots":{"index":"index","follow":"follow","max-snippet":"max-snippet:-1","max-image-preview":"max-image-preview:large","max-video-preview":"max-video-preview:-1"},"canonical":"https:\/\/www.lechiquieroperaparis.com\/en\/rooms-suites\/deluxe-room-with-montmartre-view\/","og_locale":"en_US","og_type":"article","og_title":"Room with view of Montmartre - H\u00f4tel l'\u00c9chiquier Op\u00e9ra Paris - MGallery","og_description":"Combine romance and 4-star comfort in a Deluxe room with a view of Montmartre and the Sacr\u00e9-Coeur at H\u00f4tel l'\u00c9chiquier Op\u00e9ra Paris MGallery.","og_url":"https:\/\/www.lechiquieroperaparis.com\/en\/rooms-suites\/deluxe-room-with-montmartre-view\/","og_site_name":"L'\u00c9chiquier Op\u00e9ra Paris Hptel - MGallery","article_modified_time":"2026-03-26T14:40:21+00:00","twitter_card":"summary_large_image","schema":{"@context":"https:\/\/schema.org","@graph":[{"@type":"WebPage","@id":"https:\/\/www.lechiquieroperaparis.com\/en\/rooms-suites\/deluxe-room-with-montmartre-view\/","url":"https:\/\/www.lechiquieroperaparis.com\/en\/rooms-suites\/deluxe-room-with-montmartre-view\/","name":"Room with view of Montmartre - H\u00f4tel l'\u00c9chiquier Op\u00e9ra Paris - MGallery","isPartOf":{"@id":"https:\/\/www.lechiquieroperaparis.com\/#website"},"datePublished":"2022-04-19T12:35:49+00:00","dateModified":"2026-03-26T14:40:21+00:00","description":"Combine romance and 4-star comfort in a Deluxe room with a view of Montmartre and the Sacr\u00e9-Coeur at H\u00f4tel l'\u00c9chiquier Op\u00e9ra Paris MGallery.","breadcrumb":{"@id":"https:\/\/www.lechiquieroperaparis.com\/en\/rooms-suites\/deluxe-room-with-montmartre-view\/#breadcrumb"},"inLanguage":"en-US","potentialAction":[{"@type":"ReadAction","target":["https:\/\/www.lechiquieroperaparis.com\/en\/rooms-suites\/deluxe-room-with-montmartre-view\/"]}]},{"@type":"BreadcrumbList","@id":"https:\/\/www.lechiquieroperaparis.com\/en\/rooms-suites\/deluxe-room-with-montmartre-view\/#breadcrumb","itemListElement":[{"@type":"ListItem","position":1,"name":"Home","item":"https:\/\/www.lechiquieroperaparis.com\/en\/"},{"@type":"ListItem","position":2,"name":"Rooms &#038; Suites","item":"https:\/\/www.lechiquieroperaparis.com\/en\/rooms-suites\/"},{"@type":"ListItem","position":3,"name":"Deluxe room with Montmartre view"}]},{"@type":"WebSite","@id":"https:\/\/www.lechiquieroperaparis.com\/#website","url":"https:\/\/www.lechiquieroperaparis.com\/","name":"L'\u00c9chiquier Op\u00e9ra Paris Hptel - MGallery","description":"Just another D-Edge Accor V2 Sites Hosting site","potentialAction":[{"@type":"SearchAction","target":{"@type":"EntryPoint","urlTemplate":"https:\/\/www.lechiquieroperaparis.com\/?s={search_term_string}"},"query-input":{"@type":"PropertyValueSpecification","valueRequired":true,"valueName":"search_term_string"}}],"inLanguage":"en-US"}]}},"_links":{"self":[{"href":"https:\/\/www.lechiquieroperaparis.com\/en\/wp-json\/wp\/v2\/pages\/194","targetHints":{"allow":["GET"]}}],"collection":[{"href":"https:\/\/www.lechiquieroperaparis.com\/en\/wp-json\/wp\/v2\/pages"}],"about":[{"href":"https:\/\/www.lechiquieroperaparis.com\/en\/wp-json\/wp\/v2\/types\/page"}],"author":[{"embeddable":true,"href":"https:\/\/www.lechiquieroperaparis.com\/en\/wp-json\/wp\/v2\/users\/10"}],"replies":[{"embeddable":true,"href":"https:\/\/www.lechiquieroperaparis.com\/en\/wp-json\/wp\/v2\/comments?post=194"}],"version-history":[{"count":3,"href":"https:\/\/www.lechiquieroperaparis.com\/en\/wp-json\/wp\/v2\/pages\/194\/revisions"}],"predecessor-version":[{"id":582,"href":"https:\/\/www.lechiquieroperaparis.com\/en\/wp-json\/wp\/v2\/pages\/194\/revisions\/582"}],"up":[{"embeddable":true,"href":"https:\/\/www.lechiquieroperaparis.com\/en\/wp-json\/wp\/v2\/pages\/189"}],"wp:attachment":[{"href":"https:\/\/www.lechiquieroperaparis.com\/en\/wp-json\/wp\/v2\/media?parent=194"}],"wp:term":[{"taxonomy":"category","embeddable":true,"href":"https:\/\/www.lechiquieroperaparis.com\/en\/wp-json\/wp\/v2\/categories?post=194"}],"curies":[{"name":"wp","href":"https:\/\/api.w.org\/{rel}","templated":true}]}}