{"id":197,"date":"2022-04-19T12:39:57","date_gmt":"2022-04-19T12:39:57","guid":{"rendered":"https:\/\/echiquier-opera.accorv2prod.decms.eu\/?page_id=197"},"modified":"2026-03-26T14:41:53","modified_gmt":"2026-03-26T14:41:53","slug":"deluxe-suite","status":"publish","type":"page","link":"https:\/\/www.lechiquieroperaparis.com\/en\/rooms-suites\/deluxe-suite\/","title":{"rendered":"Deluxe Suite"},"content":{"rendered":"<p>The calm and comfort of this true Parisian apartment will surprise you. Our spacious pied-\u00e0-terre can accommodate up to four people and has two bathrooms, a bedroom and a living room with a sofa. Close the sliding doors between the bedroom and living room for business meetings or to create separate sleeping areas for your family stay.<\/p>\n<p>An espresso machine, tea-making facilities, minibar and room service cater to all tastes. Unwind after a day of meetings or sightseeing in Paris with a relaxing bath and a comfortable night&#8217;s sleep.<\/p>\n","protected":false},"excerpt":{"rendered":"<p>The calm and comfort of this true Parisian apartment will surprise you. Our spacious pied-\u00e0-terre can accommodate up to four people and has two bathrooms, a bedroom and a living room with a sofa. Close the sliding doors between the bedroom and living room for business meetings or to create separate sleeping areas for your [&hellip;]<\/p>\n","protected":false},"author":10,"featured_media":0,"parent":189,"menu_order":70,"comment_status":"closed","ping_status":"closed","template":"template-room.php","meta":{"footnotes":""},"categories":[15],"class_list":["post-197","page","type-page","status-publish","hentry","category-suites-en"],"acf":[],"yoast_head":"<!-- This site is optimized with the Yoast SEO plugin v26.9 - https:\/\/yoast.com\/product\/yoast-seo-wordpress\/ -->\n<title>Deluxe Suite - H\u00f4tel l&#039;\u00c9chiquier Op\u00e9ra Paris - MGallery<\/title>\n<meta name=\"description\" content=\"Discover the finest suite of H\u00f4tel l&#039;\u00c9chiquier Op\u00e9ra Paris and the 4-star touches that have made its reputation.\" \/>\n<meta name=\"robots\" content=\"index, follow, max-snippet:-1, max-image-preview:large, max-video-preview:-1\" \/>\n<link rel=\"canonical\" href=\"https:\/\/www.lechiquieroperaparis.com\/en\/rooms-suites\/deluxe-suite\/\" \/>\n<meta property=\"og:locale\" content=\"en_US\" \/>\n<meta property=\"og:type\" content=\"article\" \/>\n<meta property=\"og:title\" content=\"Deluxe Suite - H\u00f4tel l&#039;\u00c9chiquier Op\u00e9ra Paris - MGallery\" \/>\n<meta property=\"og:description\" content=\"Discover the finest suite of H\u00f4tel l&#039;\u00c9chiquier Op\u00e9ra Paris and the 4-star touches that have made its reputation.\" \/>\n<meta property=\"og:url\" content=\"https:\/\/www.lechiquieroperaparis.com\/en\/rooms-suites\/deluxe-suite\/\" \/>\n<meta property=\"og:site_name\" content=\"L&#039;\u00c9chiquier Op\u00e9ra Paris Hptel - MGallery\" \/>\n<meta property=\"article:modified_time\" content=\"2026-03-26T14:41:53+00:00\" \/>\n<meta name=\"twitter:card\" content=\"summary_large_image\" \/>\n<script type=\"application\/ld+json\" class=\"yoast-schema-graph\">{\"@context\":\"https:\/\/schema.org\",\"@graph\":[{\"@type\":\"WebPage\",\"@id\":\"https:\/\/www.lechiquieroperaparis.com\/en\/rooms-suites\/deluxe-suite\/\",\"url\":\"https:\/\/www.lechiquieroperaparis.com\/en\/rooms-suites\/deluxe-suite\/\",\"name\":\"Deluxe Suite - H\u00f4tel l'\u00c9chiquier Op\u00e9ra Paris - MGallery\",\"isPartOf\":{\"@id\":\"https:\/\/www.lechiquieroperaparis.com\/#website\"},\"datePublished\":\"2022-04-19T12:39:57+00:00\",\"dateModified\":\"2026-03-26T14:41:53+00:00\",\"description\":\"Discover the finest suite of H\u00f4tel l'\u00c9chiquier Op\u00e9ra Paris and the 4-star touches that have made its reputation.\",\"breadcrumb\":{\"@id\":\"https:\/\/www.lechiquieroperaparis.com\/en\/rooms-suites\/deluxe-suite\/#breadcrumb\"},\"inLanguage\":\"en-US\",\"potentialAction\":[{\"@type\":\"ReadAction\",\"target\":[\"https:\/\/www.lechiquieroperaparis.com\/en\/rooms-suites\/deluxe-suite\/\"]}]},{\"@type\":\"BreadcrumbList\",\"@id\":\"https:\/\/www.lechiquieroperaparis.com\/en\/rooms-suites\/deluxe-suite\/#breadcrumb\",\"itemListElement\":[{\"@type\":\"ListItem\",\"position\":1,\"name\":\"Home\",\"item\":\"https:\/\/www.lechiquieroperaparis.com\/en\/\"},{\"@type\":\"ListItem\",\"position\":2,\"name\":\"Rooms &#038; Suites\",\"item\":\"https:\/\/www.lechiquieroperaparis.com\/en\/rooms-suites\/\"},{\"@type\":\"ListItem\",\"position\":3,\"name\":\"Deluxe Suite\"}]},{\"@type\":\"WebSite\",\"@id\":\"https:\/\/www.lechiquieroperaparis.com\/#website\",\"url\":\"https:\/\/www.lechiquieroperaparis.com\/\",\"name\":\"L'\u00c9chiquier Op\u00e9ra Paris Hptel - MGallery\",\"description\":\"Just another D-Edge Accor V2 Sites Hosting site\",\"potentialAction\":[{\"@type\":\"SearchAction\",\"target\":{\"@type\":\"EntryPoint\",\"urlTemplate\":\"https:\/\/www.lechiquieroperaparis.com\/?s={search_term_string}\"},\"query-input\":{\"@type\":\"PropertyValueSpecification\",\"valueRequired\":true,\"valueName\":\"search_term_string\"}}],\"inLanguage\":\"en-US\"}]}<\/script>\n<!-- \/ Yoast SEO plugin. -->","yoast_head_json":{"title":"Deluxe Suite - H\u00f4tel l'\u00c9chiquier Op\u00e9ra Paris - MGallery","description":"Discover the finest suite of H\u00f4tel l'\u00c9chiquier Op\u00e9ra Paris and the 4-star touches that have made its reputation.","robots":{"index":"index","follow":"follow","max-snippet":"max-snippet:-1","max-image-preview":"max-image-preview:large","max-video-preview":"max-video-preview:-1"},"canonical":"https:\/\/www.lechiquieroperaparis.com\/en\/rooms-suites\/deluxe-suite\/","og_locale":"en_US","og_type":"article","og_title":"Deluxe Suite - H\u00f4tel l'\u00c9chiquier Op\u00e9ra Paris - MGallery","og_description":"Discover the finest suite of H\u00f4tel l'\u00c9chiquier Op\u00e9ra Paris and the 4-star touches that have made its reputation.","og_url":"https:\/\/www.lechiquieroperaparis.com\/en\/rooms-suites\/deluxe-suite\/","og_site_name":"L'\u00c9chiquier Op\u00e9ra Paris Hptel - MGallery","article_modified_time":"2026-03-26T14:41:53+00:00","twitter_card":"summary_large_image","schema":{"@context":"https:\/\/schema.org","@graph":[{"@type":"WebPage","@id":"https:\/\/www.lechiquieroperaparis.com\/en\/rooms-suites\/deluxe-suite\/","url":"https:\/\/www.lechiquieroperaparis.com\/en\/rooms-suites\/deluxe-suite\/","name":"Deluxe Suite - H\u00f4tel l'\u00c9chiquier Op\u00e9ra Paris - MGallery","isPartOf":{"@id":"https:\/\/www.lechiquieroperaparis.com\/#website"},"datePublished":"2022-04-19T12:39:57+00:00","dateModified":"2026-03-26T14:41:53+00:00","description":"Discover the finest suite of H\u00f4tel l'\u00c9chiquier Op\u00e9ra Paris and the 4-star touches that have made its reputation.","breadcrumb":{"@id":"https:\/\/www.lechiquieroperaparis.com\/en\/rooms-suites\/deluxe-suite\/#breadcrumb"},"inLanguage":"en-US","potentialAction":[{"@type":"ReadAction","target":["https:\/\/www.lechiquieroperaparis.com\/en\/rooms-suites\/deluxe-suite\/"]}]},{"@type":"BreadcrumbList","@id":"https:\/\/www.lechiquieroperaparis.com\/en\/rooms-suites\/deluxe-suite\/#breadcrumb","itemListElement":[{"@type":"ListItem","position":1,"name":"Home","item":"https:\/\/www.lechiquieroperaparis.com\/en\/"},{"@type":"ListItem","position":2,"name":"Rooms &#038; Suites","item":"https:\/\/www.lechiquieroperaparis.com\/en\/rooms-suites\/"},{"@type":"ListItem","position":3,"name":"Deluxe Suite"}]},{"@type":"WebSite","@id":"https:\/\/www.lechiquieroperaparis.com\/#website","url":"https:\/\/www.lechiquieroperaparis.com\/","name":"L'\u00c9chiquier Op\u00e9ra Paris Hptel - MGallery","description":"Just another D-Edge Accor V2 Sites Hosting site","potentialAction":[{"@type":"SearchAction","target":{"@type":"EntryPoint","urlTemplate":"https:\/\/www.lechiquieroperaparis.com\/?s={search_term_string}"},"query-input":{"@type":"PropertyValueSpecification","valueRequired":true,"valueName":"search_term_string"}}],"inLanguage":"en-US"}]}},"_links":{"self":[{"href":"https:\/\/www.lechiquieroperaparis.com\/en\/wp-json\/wp\/v2\/pages\/197","targetHints":{"allow":["GET"]}}],"collection":[{"href":"https:\/\/www.lechiquieroperaparis.com\/en\/wp-json\/wp\/v2\/pages"}],"about":[{"href":"https:\/\/www.lechiquieroperaparis.com\/en\/wp-json\/wp\/v2\/types\/page"}],"author":[{"embeddable":true,"href":"https:\/\/www.lechiquieroperaparis.com\/en\/wp-json\/wp\/v2\/users\/10"}],"replies":[{"embeddable":true,"href":"https:\/\/www.lechiquieroperaparis.com\/en\/wp-json\/wp\/v2\/comments?post=197"}],"version-history":[{"count":2,"href":"https:\/\/www.lechiquieroperaparis.com\/en\/wp-json\/wp\/v2\/pages\/197\/revisions"}],"predecessor-version":[{"id":584,"href":"https:\/\/www.lechiquieroperaparis.com\/en\/wp-json\/wp\/v2\/pages\/197\/revisions\/584"}],"up":[{"embeddable":true,"href":"https:\/\/www.lechiquieroperaparis.com\/en\/wp-json\/wp\/v2\/pages\/189"}],"wp:attachment":[{"href":"https:\/\/www.lechiquieroperaparis.com\/en\/wp-json\/wp\/v2\/media?parent=197"}],"wp:term":[{"taxonomy":"category","embeddable":true,"href":"https:\/\/www.lechiquieroperaparis.com\/en\/wp-json\/wp\/v2\/categories?post=197"}],"curies":[{"name":"wp","href":"https:\/\/api.w.org\/{rel}","templated":true}]}}