{"id":199,"date":"2022-04-19T12:41:18","date_gmt":"2022-04-19T12:41:18","guid":{"rendered":"https:\/\/echiquier-opera.accorv2prod.decms.eu\/?page_id=199"},"modified":"2022-04-19T12:41:18","modified_gmt":"2022-04-19T12:41:18","slug":"bar-and-restaurant-le-38","status":"publish","type":"page","link":"https:\/\/www.lechiquieroperaparis.com\/en\/bar-and-restaurant-le-38\/","title":{"rendered":"Bar and Restaurant Le 38"},"content":{"rendered":"<p>From breakfast to dinner, relish the talents of our chef, the attentive service of our team, and the intimacy of comfortable alcoves in our charming 1920s style decor. <\/p>\n<p>A meeting place for locals and visitors alike, only a few steps from the Grands Boulevards, our cocktail bar offers innovative creations, inviting you to relax and mingle. On the first Sunday of the month, join us for a delectable brunch where you will find something to satisfy every appetite. <\/p>\n<p>Succumb to the charm of this cosy lounge and ask us to privatise it for your next event.<\/p>\n","protected":false},"excerpt":{"rendered":"<p>From breakfast to dinner, relish the talents of our chef, the attentive service of our team, and the intimacy of comfortable alcoves in our charming 1920s style decor. A meeting place for locals and visitors alike, only a few steps from the Grands Boulevards, our cocktail bar offers innovative creations, inviting you to relax and [&hellip;]<\/p>\n","protected":false},"author":10,"featured_media":0,"parent":0,"menu_order":20,"comment_status":"closed","ping_status":"closed","template":"template-restaurants.php","meta":{"footnotes":""},"categories":[],"class_list":["post-199","page","type-page","status-publish","hentry"],"acf":[],"yoast_head":"<!-- This site is optimized with the Yoast SEO plugin v26.9 - https:\/\/yoast.com\/product\/yoast-seo-wordpress\/ -->\n<title>Bar and Restaurant - H\u00f4tel l&#039;\u00c9chiquier Op\u00e9ra Paris - MGallery<\/title>\n<meta name=\"description\" content=\"Discover our bar and restaurant for breakfast, lunch and dinner, Sunday brunch, an afterwork or private party.\" \/>\n<meta name=\"robots\" content=\"index, follow, max-snippet:-1, max-image-preview:large, max-video-preview:-1\" \/>\n<link rel=\"canonical\" href=\"https:\/\/www.lechiquieroperaparis.com\/en\/bar-and-restaurant-le-38\/\" \/>\n<meta property=\"og:locale\" content=\"en_US\" \/>\n<meta property=\"og:type\" content=\"article\" \/>\n<meta property=\"og:title\" content=\"Bar and Restaurant - H\u00f4tel l&#039;\u00c9chiquier Op\u00e9ra Paris - MGallery\" \/>\n<meta property=\"og:description\" content=\"Discover our bar and restaurant for breakfast, lunch and dinner, Sunday brunch, an afterwork or private party.\" \/>\n<meta property=\"og:url\" content=\"https:\/\/www.lechiquieroperaparis.com\/en\/bar-and-restaurant-le-38\/\" \/>\n<meta property=\"og:site_name\" content=\"L&#039;\u00c9chiquier Op\u00e9ra Paris Hptel - MGallery\" \/>\n<meta name=\"twitter:card\" content=\"summary_large_image\" \/>\n<script type=\"application\/ld+json\" class=\"yoast-schema-graph\">{\"@context\":\"https:\/\/schema.org\",\"@graph\":[{\"@type\":\"WebPage\",\"@id\":\"https:\/\/www.lechiquieroperaparis.com\/en\/bar-and-restaurant-le-38\/\",\"url\":\"https:\/\/www.lechiquieroperaparis.com\/en\/bar-and-restaurant-le-38\/\",\"name\":\"Bar and Restaurant - H\u00f4tel l'\u00c9chiquier Op\u00e9ra Paris - MGallery\",\"isPartOf\":{\"@id\":\"https:\/\/www.lechiquieroperaparis.com\/#website\"},\"datePublished\":\"2022-04-19T12:41:18+00:00\",\"description\":\"Discover our bar and restaurant for breakfast, lunch and dinner, Sunday brunch, an afterwork or private party.\",\"breadcrumb\":{\"@id\":\"https:\/\/www.lechiquieroperaparis.com\/en\/bar-and-restaurant-le-38\/#breadcrumb\"},\"inLanguage\":\"en-US\",\"potentialAction\":[{\"@type\":\"ReadAction\",\"target\":[\"https:\/\/www.lechiquieroperaparis.com\/en\/bar-and-restaurant-le-38\/\"]}]},{\"@type\":\"BreadcrumbList\",\"@id\":\"https:\/\/www.lechiquieroperaparis.com\/en\/bar-and-restaurant-le-38\/#breadcrumb\",\"itemListElement\":[{\"@type\":\"ListItem\",\"position\":1,\"name\":\"Home\",\"item\":\"https:\/\/www.lechiquieroperaparis.com\/en\/\"},{\"@type\":\"ListItem\",\"position\":2,\"name\":\"Bar and Restaurant Le 38\"}]},{\"@type\":\"WebSite\",\"@id\":\"https:\/\/www.lechiquieroperaparis.com\/#website\",\"url\":\"https:\/\/www.lechiquieroperaparis.com\/\",\"name\":\"L'\u00c9chiquier Op\u00e9ra Paris Hptel - MGallery\",\"description\":\"Just another D-Edge Accor V2 Sites Hosting site\",\"potentialAction\":[{\"@type\":\"SearchAction\",\"target\":{\"@type\":\"EntryPoint\",\"urlTemplate\":\"https:\/\/www.lechiquieroperaparis.com\/?s={search_term_string}\"},\"query-input\":{\"@type\":\"PropertyValueSpecification\",\"valueRequired\":true,\"valueName\":\"search_term_string\"}}],\"inLanguage\":\"en-US\"}]}<\/script>\n<!-- \/ Yoast SEO plugin. -->","yoast_head_json":{"title":"Bar and Restaurant - H\u00f4tel l'\u00c9chiquier Op\u00e9ra Paris - MGallery","description":"Discover our bar and restaurant for breakfast, lunch and dinner, Sunday brunch, an afterwork or private party.","robots":{"index":"index","follow":"follow","max-snippet":"max-snippet:-1","max-image-preview":"max-image-preview:large","max-video-preview":"max-video-preview:-1"},"canonical":"https:\/\/www.lechiquieroperaparis.com\/en\/bar-and-restaurant-le-38\/","og_locale":"en_US","og_type":"article","og_title":"Bar and Restaurant - H\u00f4tel l'\u00c9chiquier Op\u00e9ra Paris - MGallery","og_description":"Discover our bar and restaurant for breakfast, lunch and dinner, Sunday brunch, an afterwork or private party.","og_url":"https:\/\/www.lechiquieroperaparis.com\/en\/bar-and-restaurant-le-38\/","og_site_name":"L'\u00c9chiquier Op\u00e9ra Paris Hptel - MGallery","twitter_card":"summary_large_image","schema":{"@context":"https:\/\/schema.org","@graph":[{"@type":"WebPage","@id":"https:\/\/www.lechiquieroperaparis.com\/en\/bar-and-restaurant-le-38\/","url":"https:\/\/www.lechiquieroperaparis.com\/en\/bar-and-restaurant-le-38\/","name":"Bar and Restaurant - H\u00f4tel l'\u00c9chiquier Op\u00e9ra Paris - MGallery","isPartOf":{"@id":"https:\/\/www.lechiquieroperaparis.com\/#website"},"datePublished":"2022-04-19T12:41:18+00:00","description":"Discover our bar and restaurant for breakfast, lunch and dinner, Sunday brunch, an afterwork or private party.","breadcrumb":{"@id":"https:\/\/www.lechiquieroperaparis.com\/en\/bar-and-restaurant-le-38\/#breadcrumb"},"inLanguage":"en-US","potentialAction":[{"@type":"ReadAction","target":["https:\/\/www.lechiquieroperaparis.com\/en\/bar-and-restaurant-le-38\/"]}]},{"@type":"BreadcrumbList","@id":"https:\/\/www.lechiquieroperaparis.com\/en\/bar-and-restaurant-le-38\/#breadcrumb","itemListElement":[{"@type":"ListItem","position":1,"name":"Home","item":"https:\/\/www.lechiquieroperaparis.com\/en\/"},{"@type":"ListItem","position":2,"name":"Bar and Restaurant Le 38"}]},{"@type":"WebSite","@id":"https:\/\/www.lechiquieroperaparis.com\/#website","url":"https:\/\/www.lechiquieroperaparis.com\/","name":"L'\u00c9chiquier Op\u00e9ra Paris Hptel - MGallery","description":"Just another D-Edge Accor V2 Sites Hosting site","potentialAction":[{"@type":"SearchAction","target":{"@type":"EntryPoint","urlTemplate":"https:\/\/www.lechiquieroperaparis.com\/?s={search_term_string}"},"query-input":{"@type":"PropertyValueSpecification","valueRequired":true,"valueName":"search_term_string"}}],"inLanguage":"en-US"}]}},"_links":{"self":[{"href":"https:\/\/www.lechiquieroperaparis.com\/en\/wp-json\/wp\/v2\/pages\/199","targetHints":{"allow":["GET"]}}],"collection":[{"href":"https:\/\/www.lechiquieroperaparis.com\/en\/wp-json\/wp\/v2\/pages"}],"about":[{"href":"https:\/\/www.lechiquieroperaparis.com\/en\/wp-json\/wp\/v2\/types\/page"}],"author":[{"embeddable":true,"href":"https:\/\/www.lechiquieroperaparis.com\/en\/wp-json\/wp\/v2\/users\/10"}],"replies":[{"embeddable":true,"href":"https:\/\/www.lechiquieroperaparis.com\/en\/wp-json\/wp\/v2\/comments?post=199"}],"version-history":[{"count":0,"href":"https:\/\/www.lechiquieroperaparis.com\/en\/wp-json\/wp\/v2\/pages\/199\/revisions"}],"wp:attachment":[{"href":"https:\/\/www.lechiquieroperaparis.com\/en\/wp-json\/wp\/v2\/media?parent=199"}],"wp:term":[{"taxonomy":"category","embeddable":true,"href":"https:\/\/www.lechiquieroperaparis.com\/en\/wp-json\/wp\/v2\/categories?post=199"}],"curies":[{"name":"wp","href":"https:\/\/api.w.org\/{rel}","templated":true}]}}