{"id":202,"date":"2022-04-19T12:45:34","date_gmt":"2022-04-19T12:45:34","guid":{"rendered":"https:\/\/echiquier-opera.accorv2prod.decms.eu\/?page_id=202"},"modified":"2026-03-26T14:49:21","modified_gmt":"2026-03-26T14:49:21","slug":"restaurant","status":"publish","type":"page","link":"https:\/\/www.lechiquieroperaparis.com\/en\/bar-and-restaurant-le-38\/restaurant\/","title":{"rendered":"Restaurant"},"content":{"rendered":"<p>Escape to the Roaring Twenties for lunch or dinner in our atmospheric restaurant. Teal velvet, wicker, carved woodwork, mirrors, golden lights, peacock feathers&#8230; you might expect to see Josephine Baker making an entrance dressed in an extravagant boa!<\/p>\n<p>In this intimate 1920s ambiance, savour delicious Mediterranean cuisine and classic bistro dishes. And don&#8217;t be intimidated by the Prohibition era decor \u2013 a fine wine list awaits you too.<\/p>\n<p>Opening hours: noon to 2pm; 7pm to 10:30pm<br \/>\nThe menu:<\/p>\n<p><a href=\"https:\/\/www.menumodo.com\/app.php\/viewer\/outlet\/11414?lang=fr&amp;tags=h\">Our Menu<\/a><\/p>\n<p>&nbsp;<\/p>\n","protected":false},"excerpt":{"rendered":"<p>Escape to the Roaring Twenties for lunch or dinner in our atmospheric restaurant. Teal velvet, wicker, carved woodwork, mirrors, golden lights, peacock feathers&#8230; you might expect to see Josephine Baker making an entrance dressed in an extravagant boa! In this intimate 1920s ambiance, savour delicious Mediterranean cuisine and classic bistro dishes. And don&#8217;t be intimidated [&hellip;]<\/p>\n","protected":false},"author":10,"featured_media":0,"parent":199,"menu_order":23,"comment_status":"closed","ping_status":"closed","template":"template-restaurant.php","meta":{"footnotes":""},"categories":[],"class_list":["post-202","page","type-page","status-publish","hentry"],"acf":[],"yoast_head":"<!-- This site is optimized with the Yoast SEO plugin v26.9 - https:\/\/yoast.com\/product\/yoast-seo-wordpress\/ -->\n<title>Restaurant - H\u00f4tel l&#039;\u00c9chiquier Op\u00e9ra Paris - MGallery - 10th arrondissement<\/title>\n<meta name=\"description\" content=\"For a chic lunch or intimate dinner, discover this elegant restaurant in the 10th arrondissement. 1920s ambiance and Mediterranean cuisine.\" \/>\n<meta name=\"robots\" content=\"index, follow, max-snippet:-1, max-image-preview:large, max-video-preview:-1\" \/>\n<link rel=\"canonical\" href=\"https:\/\/www.lechiquieroperaparis.com\/en\/bar-and-restaurant-le-38\/restaurant\/\" \/>\n<meta property=\"og:locale\" content=\"en_US\" \/>\n<meta property=\"og:type\" content=\"article\" \/>\n<meta property=\"og:title\" content=\"Restaurant - H\u00f4tel l&#039;\u00c9chiquier Op\u00e9ra Paris - MGallery - 10th arrondissement\" \/>\n<meta property=\"og:description\" content=\"For a chic lunch or intimate dinner, discover this elegant restaurant in the 10th arrondissement. 1920s ambiance and Mediterranean cuisine.\" \/>\n<meta property=\"og:url\" content=\"https:\/\/www.lechiquieroperaparis.com\/en\/bar-and-restaurant-le-38\/restaurant\/\" \/>\n<meta property=\"og:site_name\" content=\"L&#039;\u00c9chiquier Op\u00e9ra Paris Hptel - MGallery\" \/>\n<meta property=\"article:modified_time\" content=\"2026-03-26T14:49:21+00:00\" \/>\n<meta name=\"twitter:card\" content=\"summary_large_image\" \/>\n<meta name=\"twitter:label1\" content=\"Est. reading time\" \/>\n\t<meta name=\"twitter:data1\" content=\"1 minute\" \/>\n<script type=\"application\/ld+json\" class=\"yoast-schema-graph\">{\"@context\":\"https:\/\/schema.org\",\"@graph\":[{\"@type\":\"WebPage\",\"@id\":\"https:\/\/www.lechiquieroperaparis.com\/en\/bar-and-restaurant-le-38\/restaurant\/\",\"url\":\"https:\/\/www.lechiquieroperaparis.com\/en\/bar-and-restaurant-le-38\/restaurant\/\",\"name\":\"Restaurant - H\u00f4tel l'\u00c9chiquier Op\u00e9ra Paris - MGallery - 10th arrondissement\",\"isPartOf\":{\"@id\":\"https:\/\/www.lechiquieroperaparis.com\/#website\"},\"datePublished\":\"2022-04-19T12:45:34+00:00\",\"dateModified\":\"2026-03-26T14:49:21+00:00\",\"description\":\"For a chic lunch or intimate dinner, discover this elegant restaurant in the 10th arrondissement. 1920s ambiance and Mediterranean cuisine.\",\"breadcrumb\":{\"@id\":\"https:\/\/www.lechiquieroperaparis.com\/en\/bar-and-restaurant-le-38\/restaurant\/#breadcrumb\"},\"inLanguage\":\"en-US\",\"potentialAction\":[{\"@type\":\"ReadAction\",\"target\":[\"https:\/\/www.lechiquieroperaparis.com\/en\/bar-and-restaurant-le-38\/restaurant\/\"]}]},{\"@type\":\"BreadcrumbList\",\"@id\":\"https:\/\/www.lechiquieroperaparis.com\/en\/bar-and-restaurant-le-38\/restaurant\/#breadcrumb\",\"itemListElement\":[{\"@type\":\"ListItem\",\"position\":1,\"name\":\"Home\",\"item\":\"https:\/\/www.lechiquieroperaparis.com\/en\/\"},{\"@type\":\"ListItem\",\"position\":2,\"name\":\"Bar and Restaurant Le 38\",\"item\":\"https:\/\/www.lechiquieroperaparis.com\/en\/bar-and-restaurant-le-38\/\"},{\"@type\":\"ListItem\",\"position\":3,\"name\":\"Restaurant\"}]},{\"@type\":\"WebSite\",\"@id\":\"https:\/\/www.lechiquieroperaparis.com\/#website\",\"url\":\"https:\/\/www.lechiquieroperaparis.com\/\",\"name\":\"L'\u00c9chiquier Op\u00e9ra Paris Hptel - MGallery\",\"description\":\"Just another D-Edge Accor V2 Sites Hosting site\",\"potentialAction\":[{\"@type\":\"SearchAction\",\"target\":{\"@type\":\"EntryPoint\",\"urlTemplate\":\"https:\/\/www.lechiquieroperaparis.com\/?s={search_term_string}\"},\"query-input\":{\"@type\":\"PropertyValueSpecification\",\"valueRequired\":true,\"valueName\":\"search_term_string\"}}],\"inLanguage\":\"en-US\"}]}<\/script>\n<!-- \/ Yoast SEO plugin. -->","yoast_head_json":{"title":"Restaurant - H\u00f4tel l'\u00c9chiquier Op\u00e9ra Paris - MGallery - 10th arrondissement","description":"For a chic lunch or intimate dinner, discover this elegant restaurant in the 10th arrondissement. 1920s ambiance and Mediterranean cuisine.","robots":{"index":"index","follow":"follow","max-snippet":"max-snippet:-1","max-image-preview":"max-image-preview:large","max-video-preview":"max-video-preview:-1"},"canonical":"https:\/\/www.lechiquieroperaparis.com\/en\/bar-and-restaurant-le-38\/restaurant\/","og_locale":"en_US","og_type":"article","og_title":"Restaurant - H\u00f4tel l'\u00c9chiquier Op\u00e9ra Paris - MGallery - 10th arrondissement","og_description":"For a chic lunch or intimate dinner, discover this elegant restaurant in the 10th arrondissement. 1920s ambiance and Mediterranean cuisine.","og_url":"https:\/\/www.lechiquieroperaparis.com\/en\/bar-and-restaurant-le-38\/restaurant\/","og_site_name":"L'\u00c9chiquier Op\u00e9ra Paris Hptel - MGallery","article_modified_time":"2026-03-26T14:49:21+00:00","twitter_card":"summary_large_image","twitter_misc":{"Est. reading time":"1 minute"},"schema":{"@context":"https:\/\/schema.org","@graph":[{"@type":"WebPage","@id":"https:\/\/www.lechiquieroperaparis.com\/en\/bar-and-restaurant-le-38\/restaurant\/","url":"https:\/\/www.lechiquieroperaparis.com\/en\/bar-and-restaurant-le-38\/restaurant\/","name":"Restaurant - H\u00f4tel l'\u00c9chiquier Op\u00e9ra Paris - MGallery - 10th arrondissement","isPartOf":{"@id":"https:\/\/www.lechiquieroperaparis.com\/#website"},"datePublished":"2022-04-19T12:45:34+00:00","dateModified":"2026-03-26T14:49:21+00:00","description":"For a chic lunch or intimate dinner, discover this elegant restaurant in the 10th arrondissement. 1920s ambiance and Mediterranean cuisine.","breadcrumb":{"@id":"https:\/\/www.lechiquieroperaparis.com\/en\/bar-and-restaurant-le-38\/restaurant\/#breadcrumb"},"inLanguage":"en-US","potentialAction":[{"@type":"ReadAction","target":["https:\/\/www.lechiquieroperaparis.com\/en\/bar-and-restaurant-le-38\/restaurant\/"]}]},{"@type":"BreadcrumbList","@id":"https:\/\/www.lechiquieroperaparis.com\/en\/bar-and-restaurant-le-38\/restaurant\/#breadcrumb","itemListElement":[{"@type":"ListItem","position":1,"name":"Home","item":"https:\/\/www.lechiquieroperaparis.com\/en\/"},{"@type":"ListItem","position":2,"name":"Bar and Restaurant Le 38","item":"https:\/\/www.lechiquieroperaparis.com\/en\/bar-and-restaurant-le-38\/"},{"@type":"ListItem","position":3,"name":"Restaurant"}]},{"@type":"WebSite","@id":"https:\/\/www.lechiquieroperaparis.com\/#website","url":"https:\/\/www.lechiquieroperaparis.com\/","name":"L'\u00c9chiquier Op\u00e9ra Paris Hptel - MGallery","description":"Just another D-Edge Accor V2 Sites Hosting site","potentialAction":[{"@type":"SearchAction","target":{"@type":"EntryPoint","urlTemplate":"https:\/\/www.lechiquieroperaparis.com\/?s={search_term_string}"},"query-input":{"@type":"PropertyValueSpecification","valueRequired":true,"valueName":"search_term_string"}}],"inLanguage":"en-US"}]}},"_links":{"self":[{"href":"https:\/\/www.lechiquieroperaparis.com\/en\/wp-json\/wp\/v2\/pages\/202","targetHints":{"allow":["GET"]}}],"collection":[{"href":"https:\/\/www.lechiquieroperaparis.com\/en\/wp-json\/wp\/v2\/pages"}],"about":[{"href":"https:\/\/www.lechiquieroperaparis.com\/en\/wp-json\/wp\/v2\/types\/page"}],"author":[{"embeddable":true,"href":"https:\/\/www.lechiquieroperaparis.com\/en\/wp-json\/wp\/v2\/users\/10"}],"replies":[{"embeddable":true,"href":"https:\/\/www.lechiquieroperaparis.com\/en\/wp-json\/wp\/v2\/comments?post=202"}],"version-history":[{"count":2,"href":"https:\/\/www.lechiquieroperaparis.com\/en\/wp-json\/wp\/v2\/pages\/202\/revisions"}],"predecessor-version":[{"id":590,"href":"https:\/\/www.lechiquieroperaparis.com\/en\/wp-json\/wp\/v2\/pages\/202\/revisions\/590"}],"up":[{"embeddable":true,"href":"https:\/\/www.lechiquieroperaparis.com\/en\/wp-json\/wp\/v2\/pages\/199"}],"wp:attachment":[{"href":"https:\/\/www.lechiquieroperaparis.com\/en\/wp-json\/wp\/v2\/media?parent=202"}],"wp:term":[{"taxonomy":"category","embeddable":true,"href":"https:\/\/www.lechiquieroperaparis.com\/en\/wp-json\/wp\/v2\/categories?post=202"}],"curies":[{"name":"wp","href":"https:\/\/api.w.org\/{rel}","templated":true}]}}