{"id":203,"date":"2022-04-19T12:46:20","date_gmt":"2022-04-19T12:46:20","guid":{"rendered":"https:\/\/echiquier-opera.accorv2prod.decms.eu\/?page_id=203"},"modified":"2022-04-19T12:46:20","modified_gmt":"2022-04-19T12:46:20","slug":"le-38-bar-lounge","status":"publish","type":"page","link":"https:\/\/www.lechiquieroperaparis.com\/en\/bar-and-restaurant-le-38\/le-38-bar-lounge\/","title":{"rendered":"Le 38 Bar Lounge"},"content":{"rendered":"<p>Discover our unique winter garden in the heart of Paris, a stone&#8217;s throw from the Grands Boulevards. A luminous glass roof evokes the charm of the neighbourhood\u2019s covered passages. The sparkling gilding on the island bar adds to the magic of our barman\u2019s creations.<\/p>\n<p>Share your tastes and preferences with him, then enjoy your cocktail in one of the intimate alcoves. Locals and visitors alike succumb to the ambiance of this idyllic garden.<\/p>\n<p>Opening hours: 4pm to midnight<br \/>\nThe menu<\/p>\n","protected":false},"excerpt":{"rendered":"<p>Discover our unique winter garden in the heart of Paris, a stone&#8217;s throw from the Grands Boulevards. A luminous glass roof evokes the charm of the neighbourhood\u2019s covered passages. The sparkling gilding on the island bar adds to the magic of our barman\u2019s creations. Share your tastes and preferences with him, then enjoy your cocktail [&hellip;]<\/p>\n","protected":false},"author":10,"featured_media":0,"parent":199,"menu_order":24,"comment_status":"closed","ping_status":"closed","template":"template-restaurant.php","meta":{"footnotes":""},"categories":[],"class_list":["post-203","page","type-page","status-publish","hentry"],"acf":[],"yoast_head":"<!-- This site is optimized with the Yoast SEO plugin v26.9 - https:\/\/yoast.com\/product\/yoast-seo-wordpress\/ -->\n<title>Le 38 - Cocktail Bar - H\u00f4tel l&#039;\u00c9chiquier Op\u00e9ra Paris - 10th arrondissement<\/title>\n<meta name=\"description\" content=\"Looking for a chic afterwork or cocktail bar in the 10th arrondissement of Paris? Le 38 Lounge Bar is a hidden treasure on Rue de l&#039;\u00c9chiquier.\" \/>\n<meta name=\"robots\" content=\"index, follow, max-snippet:-1, max-image-preview:large, max-video-preview:-1\" \/>\n<link rel=\"canonical\" href=\"https:\/\/www.lechiquieroperaparis.com\/en\/bar-and-restaurant-le-38\/le-38-bar-lounge\/\" \/>\n<meta property=\"og:locale\" content=\"en_US\" \/>\n<meta property=\"og:type\" content=\"article\" \/>\n<meta property=\"og:title\" content=\"Le 38 - Cocktail Bar - H\u00f4tel l&#039;\u00c9chiquier Op\u00e9ra Paris - 10th arrondissement\" \/>\n<meta property=\"og:description\" content=\"Looking for a chic afterwork or cocktail bar in the 10th arrondissement of Paris? Le 38 Lounge Bar is a hidden treasure on Rue de l&#039;\u00c9chiquier.\" \/>\n<meta property=\"og:url\" content=\"https:\/\/www.lechiquieroperaparis.com\/en\/bar-and-restaurant-le-38\/le-38-bar-lounge\/\" \/>\n<meta property=\"og:site_name\" content=\"L&#039;\u00c9chiquier Op\u00e9ra Paris Hptel - MGallery\" \/>\n<meta name=\"twitter:card\" content=\"summary_large_image\" \/>\n<script type=\"application\/ld+json\" class=\"yoast-schema-graph\">{\"@context\":\"https:\/\/schema.org\",\"@graph\":[{\"@type\":\"WebPage\",\"@id\":\"https:\/\/www.lechiquieroperaparis.com\/en\/bar-and-restaurant-le-38\/le-38-bar-lounge\/\",\"url\":\"https:\/\/www.lechiquieroperaparis.com\/en\/bar-and-restaurant-le-38\/le-38-bar-lounge\/\",\"name\":\"Le 38 - Cocktail Bar - H\u00f4tel l'\u00c9chiquier Op\u00e9ra Paris - 10th arrondissement\",\"isPartOf\":{\"@id\":\"https:\/\/www.lechiquieroperaparis.com\/#website\"},\"datePublished\":\"2022-04-19T12:46:20+00:00\",\"description\":\"Looking for a chic afterwork or cocktail bar in the 10th arrondissement of Paris? Le 38 Lounge Bar is a hidden treasure on Rue de l'\u00c9chiquier.\",\"breadcrumb\":{\"@id\":\"https:\/\/www.lechiquieroperaparis.com\/en\/bar-and-restaurant-le-38\/le-38-bar-lounge\/#breadcrumb\"},\"inLanguage\":\"en-US\",\"potentialAction\":[{\"@type\":\"ReadAction\",\"target\":[\"https:\/\/www.lechiquieroperaparis.com\/en\/bar-and-restaurant-le-38\/le-38-bar-lounge\/\"]}]},{\"@type\":\"BreadcrumbList\",\"@id\":\"https:\/\/www.lechiquieroperaparis.com\/en\/bar-and-restaurant-le-38\/le-38-bar-lounge\/#breadcrumb\",\"itemListElement\":[{\"@type\":\"ListItem\",\"position\":1,\"name\":\"Home\",\"item\":\"https:\/\/www.lechiquieroperaparis.com\/en\/\"},{\"@type\":\"ListItem\",\"position\":2,\"name\":\"Bar and Restaurant Le 38\",\"item\":\"https:\/\/www.lechiquieroperaparis.com\/en\/bar-and-restaurant-le-38\/\"},{\"@type\":\"ListItem\",\"position\":3,\"name\":\"Le 38 Bar Lounge\"}]},{\"@type\":\"WebSite\",\"@id\":\"https:\/\/www.lechiquieroperaparis.com\/#website\",\"url\":\"https:\/\/www.lechiquieroperaparis.com\/\",\"name\":\"L'\u00c9chiquier Op\u00e9ra Paris Hptel - MGallery\",\"description\":\"Just another D-Edge Accor V2 Sites Hosting site\",\"potentialAction\":[{\"@type\":\"SearchAction\",\"target\":{\"@type\":\"EntryPoint\",\"urlTemplate\":\"https:\/\/www.lechiquieroperaparis.com\/?s={search_term_string}\"},\"query-input\":{\"@type\":\"PropertyValueSpecification\",\"valueRequired\":true,\"valueName\":\"search_term_string\"}}],\"inLanguage\":\"en-US\"}]}<\/script>\n<!-- \/ Yoast SEO plugin. -->","yoast_head_json":{"title":"Le 38 - Cocktail Bar - H\u00f4tel l'\u00c9chiquier Op\u00e9ra Paris - 10th arrondissement","description":"Looking for a chic afterwork or cocktail bar in the 10th arrondissement of Paris? Le 38 Lounge Bar is a hidden treasure on Rue de l'\u00c9chiquier.","robots":{"index":"index","follow":"follow","max-snippet":"max-snippet:-1","max-image-preview":"max-image-preview:large","max-video-preview":"max-video-preview:-1"},"canonical":"https:\/\/www.lechiquieroperaparis.com\/en\/bar-and-restaurant-le-38\/le-38-bar-lounge\/","og_locale":"en_US","og_type":"article","og_title":"Le 38 - Cocktail Bar - H\u00f4tel l'\u00c9chiquier Op\u00e9ra Paris - 10th arrondissement","og_description":"Looking for a chic afterwork or cocktail bar in the 10th arrondissement of Paris? Le 38 Lounge Bar is a hidden treasure on Rue de l'\u00c9chiquier.","og_url":"https:\/\/www.lechiquieroperaparis.com\/en\/bar-and-restaurant-le-38\/le-38-bar-lounge\/","og_site_name":"L'\u00c9chiquier Op\u00e9ra Paris Hptel - MGallery","twitter_card":"summary_large_image","schema":{"@context":"https:\/\/schema.org","@graph":[{"@type":"WebPage","@id":"https:\/\/www.lechiquieroperaparis.com\/en\/bar-and-restaurant-le-38\/le-38-bar-lounge\/","url":"https:\/\/www.lechiquieroperaparis.com\/en\/bar-and-restaurant-le-38\/le-38-bar-lounge\/","name":"Le 38 - Cocktail Bar - H\u00f4tel l'\u00c9chiquier Op\u00e9ra Paris - 10th arrondissement","isPartOf":{"@id":"https:\/\/www.lechiquieroperaparis.com\/#website"},"datePublished":"2022-04-19T12:46:20+00:00","description":"Looking for a chic afterwork or cocktail bar in the 10th arrondissement of Paris? Le 38 Lounge Bar is a hidden treasure on Rue de l'\u00c9chiquier.","breadcrumb":{"@id":"https:\/\/www.lechiquieroperaparis.com\/en\/bar-and-restaurant-le-38\/le-38-bar-lounge\/#breadcrumb"},"inLanguage":"en-US","potentialAction":[{"@type":"ReadAction","target":["https:\/\/www.lechiquieroperaparis.com\/en\/bar-and-restaurant-le-38\/le-38-bar-lounge\/"]}]},{"@type":"BreadcrumbList","@id":"https:\/\/www.lechiquieroperaparis.com\/en\/bar-and-restaurant-le-38\/le-38-bar-lounge\/#breadcrumb","itemListElement":[{"@type":"ListItem","position":1,"name":"Home","item":"https:\/\/www.lechiquieroperaparis.com\/en\/"},{"@type":"ListItem","position":2,"name":"Bar and Restaurant Le 38","item":"https:\/\/www.lechiquieroperaparis.com\/en\/bar-and-restaurant-le-38\/"},{"@type":"ListItem","position":3,"name":"Le 38 Bar Lounge"}]},{"@type":"WebSite","@id":"https:\/\/www.lechiquieroperaparis.com\/#website","url":"https:\/\/www.lechiquieroperaparis.com\/","name":"L'\u00c9chiquier Op\u00e9ra Paris Hptel - MGallery","description":"Just another D-Edge Accor V2 Sites Hosting site","potentialAction":[{"@type":"SearchAction","target":{"@type":"EntryPoint","urlTemplate":"https:\/\/www.lechiquieroperaparis.com\/?s={search_term_string}"},"query-input":{"@type":"PropertyValueSpecification","valueRequired":true,"valueName":"search_term_string"}}],"inLanguage":"en-US"}]}},"_links":{"self":[{"href":"https:\/\/www.lechiquieroperaparis.com\/en\/wp-json\/wp\/v2\/pages\/203","targetHints":{"allow":["GET"]}}],"collection":[{"href":"https:\/\/www.lechiquieroperaparis.com\/en\/wp-json\/wp\/v2\/pages"}],"about":[{"href":"https:\/\/www.lechiquieroperaparis.com\/en\/wp-json\/wp\/v2\/types\/page"}],"author":[{"embeddable":true,"href":"https:\/\/www.lechiquieroperaparis.com\/en\/wp-json\/wp\/v2\/users\/10"}],"replies":[{"embeddable":true,"href":"https:\/\/www.lechiquieroperaparis.com\/en\/wp-json\/wp\/v2\/comments?post=203"}],"version-history":[{"count":0,"href":"https:\/\/www.lechiquieroperaparis.com\/en\/wp-json\/wp\/v2\/pages\/203\/revisions"}],"up":[{"embeddable":true,"href":"https:\/\/www.lechiquieroperaparis.com\/en\/wp-json\/wp\/v2\/pages\/199"}],"wp:attachment":[{"href":"https:\/\/www.lechiquieroperaparis.com\/en\/wp-json\/wp\/v2\/media?parent=203"}],"wp:term":[{"taxonomy":"category","embeddable":true,"href":"https:\/\/www.lechiquieroperaparis.com\/en\/wp-json\/wp\/v2\/categories?post=203"}],"curies":[{"name":"wp","href":"https:\/\/api.w.org\/{rel}","templated":true}]}}