{"id":204,"date":"2022-04-19T12:47:09","date_gmt":"2022-04-19T12:47:09","guid":{"rendered":"https:\/\/echiquier-opera.accorv2prod.decms.eu\/?page_id=204"},"modified":"2022-04-19T12:47:09","modified_gmt":"2022-04-19T12:47:09","slug":"private-bar","status":"publish","type":"page","link":"https:\/\/www.lechiquieroperaparis.com\/en\/bar-and-restaurant-le-38\/private-bar\/","title":{"rendered":"Private Bar"},"content":{"rendered":"<p>Are you looking for an exceptional setting for your event in eastern Paris? Opt for the enchanting chic of Le 38 lounge bar for the occasion.<\/p>\n<p>The elegance of the Roaring Twenties and our talented team will ensure the success of your evening or daytime cocktail party. Contact us now to share the theme of your event and benefit from our personalised advice.<\/p>\n","protected":false},"excerpt":{"rendered":"<p>Are you looking for an exceptional setting for your event in eastern Paris? Opt for the enchanting chic of Le 38 lounge bar for the occasion. The elegance of the Roaring Twenties and our talented team will ensure the success of your evening or daytime cocktail party. Contact us now to share the theme of [&hellip;]<\/p>\n","protected":false},"author":10,"featured_media":0,"parent":199,"menu_order":25,"comment_status":"closed","ping_status":"closed","template":"template-restaurant.php","meta":{"footnotes":""},"categories":[],"class_list":["post-204","page","type-page","status-publish","hentry"],"acf":[],"yoast_head":"<!-- This site is optimized with the Yoast SEO plugin v26.9 - https:\/\/yoast.com\/product\/yoast-seo-wordpress\/ -->\n<title>Private Bar - H\u00f4tel l&#039;\u00c9chiquier Op\u00e9ra Paris - MGallery<\/title>\n<meta name=\"description\" content=\"Book our elegant bar for your private function. The glamour of the Roaring Twenties and our talented team at the bar will ensure the success of your event.\" \/>\n<meta name=\"robots\" content=\"index, follow, max-snippet:-1, max-image-preview:large, max-video-preview:-1\" \/>\n<link rel=\"canonical\" href=\"https:\/\/www.lechiquieroperaparis.com\/en\/bar-and-restaurant-le-38\/private-bar\/\" \/>\n<meta property=\"og:locale\" content=\"en_US\" \/>\n<meta property=\"og:type\" content=\"article\" \/>\n<meta property=\"og:title\" content=\"Private Bar - H\u00f4tel l&#039;\u00c9chiquier Op\u00e9ra Paris - MGallery\" \/>\n<meta property=\"og:description\" content=\"Book our elegant bar for your private function. The glamour of the Roaring Twenties and our talented team at the bar will ensure the success of your event.\" \/>\n<meta property=\"og:url\" content=\"https:\/\/www.lechiquieroperaparis.com\/en\/bar-and-restaurant-le-38\/private-bar\/\" \/>\n<meta property=\"og:site_name\" content=\"L&#039;\u00c9chiquier Op\u00e9ra Paris Hptel - MGallery\" \/>\n<meta name=\"twitter:card\" content=\"summary_large_image\" \/>\n<script type=\"application\/ld+json\" class=\"yoast-schema-graph\">{\"@context\":\"https:\/\/schema.org\",\"@graph\":[{\"@type\":\"WebPage\",\"@id\":\"https:\/\/www.lechiquieroperaparis.com\/en\/bar-and-restaurant-le-38\/private-bar\/\",\"url\":\"https:\/\/www.lechiquieroperaparis.com\/en\/bar-and-restaurant-le-38\/private-bar\/\",\"name\":\"Private Bar - H\u00f4tel l'\u00c9chiquier Op\u00e9ra Paris - MGallery\",\"isPartOf\":{\"@id\":\"https:\/\/www.lechiquieroperaparis.com\/#website\"},\"datePublished\":\"2022-04-19T12:47:09+00:00\",\"description\":\"Book our elegant bar for your private function. The glamour of the Roaring Twenties and our talented team at the bar will ensure the success of your event.\",\"breadcrumb\":{\"@id\":\"https:\/\/www.lechiquieroperaparis.com\/en\/bar-and-restaurant-le-38\/private-bar\/#breadcrumb\"},\"inLanguage\":\"en-US\",\"potentialAction\":[{\"@type\":\"ReadAction\",\"target\":[\"https:\/\/www.lechiquieroperaparis.com\/en\/bar-and-restaurant-le-38\/private-bar\/\"]}]},{\"@type\":\"BreadcrumbList\",\"@id\":\"https:\/\/www.lechiquieroperaparis.com\/en\/bar-and-restaurant-le-38\/private-bar\/#breadcrumb\",\"itemListElement\":[{\"@type\":\"ListItem\",\"position\":1,\"name\":\"Home\",\"item\":\"https:\/\/www.lechiquieroperaparis.com\/en\/\"},{\"@type\":\"ListItem\",\"position\":2,\"name\":\"Bar and Restaurant Le 38\",\"item\":\"https:\/\/www.lechiquieroperaparis.com\/en\/bar-and-restaurant-le-38\/\"},{\"@type\":\"ListItem\",\"position\":3,\"name\":\"Private Bar\"}]},{\"@type\":\"WebSite\",\"@id\":\"https:\/\/www.lechiquieroperaparis.com\/#website\",\"url\":\"https:\/\/www.lechiquieroperaparis.com\/\",\"name\":\"L'\u00c9chiquier Op\u00e9ra Paris Hptel - MGallery\",\"description\":\"Just another D-Edge Accor V2 Sites Hosting site\",\"potentialAction\":[{\"@type\":\"SearchAction\",\"target\":{\"@type\":\"EntryPoint\",\"urlTemplate\":\"https:\/\/www.lechiquieroperaparis.com\/?s={search_term_string}\"},\"query-input\":{\"@type\":\"PropertyValueSpecification\",\"valueRequired\":true,\"valueName\":\"search_term_string\"}}],\"inLanguage\":\"en-US\"}]}<\/script>\n<!-- \/ Yoast SEO plugin. -->","yoast_head_json":{"title":"Private Bar - H\u00f4tel l'\u00c9chiquier Op\u00e9ra Paris - MGallery","description":"Book our elegant bar for your private function. The glamour of the Roaring Twenties and our talented team at the bar will ensure the success of your event.","robots":{"index":"index","follow":"follow","max-snippet":"max-snippet:-1","max-image-preview":"max-image-preview:large","max-video-preview":"max-video-preview:-1"},"canonical":"https:\/\/www.lechiquieroperaparis.com\/en\/bar-and-restaurant-le-38\/private-bar\/","og_locale":"en_US","og_type":"article","og_title":"Private Bar - H\u00f4tel l'\u00c9chiquier Op\u00e9ra Paris - MGallery","og_description":"Book our elegant bar for your private function. The glamour of the Roaring Twenties and our talented team at the bar will ensure the success of your event.","og_url":"https:\/\/www.lechiquieroperaparis.com\/en\/bar-and-restaurant-le-38\/private-bar\/","og_site_name":"L'\u00c9chiquier Op\u00e9ra Paris Hptel - MGallery","twitter_card":"summary_large_image","schema":{"@context":"https:\/\/schema.org","@graph":[{"@type":"WebPage","@id":"https:\/\/www.lechiquieroperaparis.com\/en\/bar-and-restaurant-le-38\/private-bar\/","url":"https:\/\/www.lechiquieroperaparis.com\/en\/bar-and-restaurant-le-38\/private-bar\/","name":"Private Bar - H\u00f4tel l'\u00c9chiquier Op\u00e9ra Paris - MGallery","isPartOf":{"@id":"https:\/\/www.lechiquieroperaparis.com\/#website"},"datePublished":"2022-04-19T12:47:09+00:00","description":"Book our elegant bar for your private function. The glamour of the Roaring Twenties and our talented team at the bar will ensure the success of your event.","breadcrumb":{"@id":"https:\/\/www.lechiquieroperaparis.com\/en\/bar-and-restaurant-le-38\/private-bar\/#breadcrumb"},"inLanguage":"en-US","potentialAction":[{"@type":"ReadAction","target":["https:\/\/www.lechiquieroperaparis.com\/en\/bar-and-restaurant-le-38\/private-bar\/"]}]},{"@type":"BreadcrumbList","@id":"https:\/\/www.lechiquieroperaparis.com\/en\/bar-and-restaurant-le-38\/private-bar\/#breadcrumb","itemListElement":[{"@type":"ListItem","position":1,"name":"Home","item":"https:\/\/www.lechiquieroperaparis.com\/en\/"},{"@type":"ListItem","position":2,"name":"Bar and Restaurant Le 38","item":"https:\/\/www.lechiquieroperaparis.com\/en\/bar-and-restaurant-le-38\/"},{"@type":"ListItem","position":3,"name":"Private Bar"}]},{"@type":"WebSite","@id":"https:\/\/www.lechiquieroperaparis.com\/#website","url":"https:\/\/www.lechiquieroperaparis.com\/","name":"L'\u00c9chiquier Op\u00e9ra Paris Hptel - MGallery","description":"Just another D-Edge Accor V2 Sites Hosting site","potentialAction":[{"@type":"SearchAction","target":{"@type":"EntryPoint","urlTemplate":"https:\/\/www.lechiquieroperaparis.com\/?s={search_term_string}"},"query-input":{"@type":"PropertyValueSpecification","valueRequired":true,"valueName":"search_term_string"}}],"inLanguage":"en-US"}]}},"_links":{"self":[{"href":"https:\/\/www.lechiquieroperaparis.com\/en\/wp-json\/wp\/v2\/pages\/204","targetHints":{"allow":["GET"]}}],"collection":[{"href":"https:\/\/www.lechiquieroperaparis.com\/en\/wp-json\/wp\/v2\/pages"}],"about":[{"href":"https:\/\/www.lechiquieroperaparis.com\/en\/wp-json\/wp\/v2\/types\/page"}],"author":[{"embeddable":true,"href":"https:\/\/www.lechiquieroperaparis.com\/en\/wp-json\/wp\/v2\/users\/10"}],"replies":[{"embeddable":true,"href":"https:\/\/www.lechiquieroperaparis.com\/en\/wp-json\/wp\/v2\/comments?post=204"}],"version-history":[{"count":0,"href":"https:\/\/www.lechiquieroperaparis.com\/en\/wp-json\/wp\/v2\/pages\/204\/revisions"}],"up":[{"embeddable":true,"href":"https:\/\/www.lechiquieroperaparis.com\/en\/wp-json\/wp\/v2\/pages\/199"}],"wp:attachment":[{"href":"https:\/\/www.lechiquieroperaparis.com\/en\/wp-json\/wp\/v2\/media?parent=204"}],"wp:term":[{"taxonomy":"category","embeddable":true,"href":"https:\/\/www.lechiquieroperaparis.com\/en\/wp-json\/wp\/v2\/categories?post=204"}],"curies":[{"name":"wp","href":"https:\/\/api.w.org\/{rel}","templated":true}]}}