{"id":205,"date":"2022-04-19T12:47:49","date_gmt":"2022-04-19T12:47:49","guid":{"rendered":"https:\/\/echiquier-opera.accorv2prod.decms.eu\/?page_id=205"},"modified":"2022-04-19T12:47:49","modified_gmt":"2022-04-19T12:47:49","slug":"wellness","status":"publish","type":"page","link":"https:\/\/www.lechiquieroperaparis.com\/en\/wellness\/","title":{"rendered":"Wellness"},"content":{"rendered":"<p>Your wellness is at the heart of the MGallery experience. Everything is designed to make your day smoother and bring you a refreshing interlude, from our top-of-the-range bedding for your sleep, to the positive mantras you will encounter throughout your stay. <\/p>\n<p>Through simple gestures, we invite you to discover a better way of living, to be continued on your return home.<\/p>\n","protected":false},"excerpt":{"rendered":"<p>Your wellness is at the heart of the MGallery experience. Everything is designed to make your day smoother and bring you a refreshing interlude, from our top-of-the-range bedding for your sleep, to the positive mantras you will encounter throughout your stay. Through simple gestures, we invite you to discover a better way of living, to [&hellip;]<\/p>\n","protected":false},"author":10,"featured_media":0,"parent":0,"menu_order":30,"comment_status":"closed","ping_status":"closed","template":"template-spa.php","meta":{"footnotes":""},"categories":[],"class_list":["post-205","page","type-page","status-publish","hentry"],"acf":[],"yoast_head":"<!-- This site is optimized with the Yoast SEO plugin v26.9 - https:\/\/yoast.com\/product\/yoast-seo-wordpress\/ -->\n<title>Wellness - H\u00f4tel l&#039;\u00c9chiquier Op\u00e9ra Paris - MGallery<\/title>\n<meta name=\"description\" content=\"Our team has your health and wellness at heart throughout your stay at H\u00f4tel l&#039;\u00c9chiquier Op\u00e9ra Paris MGallery.\" \/>\n<meta name=\"robots\" content=\"index, follow, max-snippet:-1, max-image-preview:large, max-video-preview:-1\" \/>\n<link rel=\"canonical\" href=\"https:\/\/www.lechiquieroperaparis.com\/en\/wellness\/\" \/>\n<meta property=\"og:locale\" content=\"en_US\" \/>\n<meta property=\"og:type\" content=\"article\" \/>\n<meta property=\"og:title\" content=\"Wellness - H\u00f4tel l&#039;\u00c9chiquier Op\u00e9ra Paris - MGallery\" \/>\n<meta property=\"og:description\" content=\"Our team has your health and wellness at heart throughout your stay at H\u00f4tel l&#039;\u00c9chiquier Op\u00e9ra Paris MGallery.\" \/>\n<meta property=\"og:url\" content=\"https:\/\/www.lechiquieroperaparis.com\/en\/wellness\/\" \/>\n<meta property=\"og:site_name\" content=\"L&#039;\u00c9chiquier Op\u00e9ra Paris Hptel - MGallery\" \/>\n<meta name=\"twitter:card\" content=\"summary_large_image\" \/>\n<script type=\"application\/ld+json\" class=\"yoast-schema-graph\">{\"@context\":\"https:\/\/schema.org\",\"@graph\":[{\"@type\":\"WebPage\",\"@id\":\"https:\/\/www.lechiquieroperaparis.com\/en\/wellness\/\",\"url\":\"https:\/\/www.lechiquieroperaparis.com\/en\/wellness\/\",\"name\":\"Wellness - H\u00f4tel l'\u00c9chiquier Op\u00e9ra Paris - MGallery\",\"isPartOf\":{\"@id\":\"https:\/\/www.lechiquieroperaparis.com\/#website\"},\"datePublished\":\"2022-04-19T12:47:49+00:00\",\"description\":\"Our team has your health and wellness at heart throughout your stay at H\u00f4tel l'\u00c9chiquier Op\u00e9ra Paris MGallery.\",\"breadcrumb\":{\"@id\":\"https:\/\/www.lechiquieroperaparis.com\/en\/wellness\/#breadcrumb\"},\"inLanguage\":\"en-US\",\"potentialAction\":[{\"@type\":\"ReadAction\",\"target\":[\"https:\/\/www.lechiquieroperaparis.com\/en\/wellness\/\"]}]},{\"@type\":\"BreadcrumbList\",\"@id\":\"https:\/\/www.lechiquieroperaparis.com\/en\/wellness\/#breadcrumb\",\"itemListElement\":[{\"@type\":\"ListItem\",\"position\":1,\"name\":\"Home\",\"item\":\"https:\/\/www.lechiquieroperaparis.com\/en\/\"},{\"@type\":\"ListItem\",\"position\":2,\"name\":\"Wellness\"}]},{\"@type\":\"WebSite\",\"@id\":\"https:\/\/www.lechiquieroperaparis.com\/#website\",\"url\":\"https:\/\/www.lechiquieroperaparis.com\/\",\"name\":\"L'\u00c9chiquier Op\u00e9ra Paris Hptel - MGallery\",\"description\":\"Just another D-Edge Accor V2 Sites Hosting site\",\"potentialAction\":[{\"@type\":\"SearchAction\",\"target\":{\"@type\":\"EntryPoint\",\"urlTemplate\":\"https:\/\/www.lechiquieroperaparis.com\/?s={search_term_string}\"},\"query-input\":{\"@type\":\"PropertyValueSpecification\",\"valueRequired\":true,\"valueName\":\"search_term_string\"}}],\"inLanguage\":\"en-US\"}]}<\/script>\n<!-- \/ Yoast SEO plugin. -->","yoast_head_json":{"title":"Wellness - H\u00f4tel l'\u00c9chiquier Op\u00e9ra Paris - MGallery","description":"Our team has your health and wellness at heart throughout your stay at H\u00f4tel l'\u00c9chiquier Op\u00e9ra Paris MGallery.","robots":{"index":"index","follow":"follow","max-snippet":"max-snippet:-1","max-image-preview":"max-image-preview:large","max-video-preview":"max-video-preview:-1"},"canonical":"https:\/\/www.lechiquieroperaparis.com\/en\/wellness\/","og_locale":"en_US","og_type":"article","og_title":"Wellness - H\u00f4tel l'\u00c9chiquier Op\u00e9ra Paris - MGallery","og_description":"Our team has your health and wellness at heart throughout your stay at H\u00f4tel l'\u00c9chiquier Op\u00e9ra Paris MGallery.","og_url":"https:\/\/www.lechiquieroperaparis.com\/en\/wellness\/","og_site_name":"L'\u00c9chiquier Op\u00e9ra Paris Hptel - MGallery","twitter_card":"summary_large_image","schema":{"@context":"https:\/\/schema.org","@graph":[{"@type":"WebPage","@id":"https:\/\/www.lechiquieroperaparis.com\/en\/wellness\/","url":"https:\/\/www.lechiquieroperaparis.com\/en\/wellness\/","name":"Wellness - H\u00f4tel l'\u00c9chiquier Op\u00e9ra Paris - MGallery","isPartOf":{"@id":"https:\/\/www.lechiquieroperaparis.com\/#website"},"datePublished":"2022-04-19T12:47:49+00:00","description":"Our team has your health and wellness at heart throughout your stay at H\u00f4tel l'\u00c9chiquier Op\u00e9ra Paris MGallery.","breadcrumb":{"@id":"https:\/\/www.lechiquieroperaparis.com\/en\/wellness\/#breadcrumb"},"inLanguage":"en-US","potentialAction":[{"@type":"ReadAction","target":["https:\/\/www.lechiquieroperaparis.com\/en\/wellness\/"]}]},{"@type":"BreadcrumbList","@id":"https:\/\/www.lechiquieroperaparis.com\/en\/wellness\/#breadcrumb","itemListElement":[{"@type":"ListItem","position":1,"name":"Home","item":"https:\/\/www.lechiquieroperaparis.com\/en\/"},{"@type":"ListItem","position":2,"name":"Wellness"}]},{"@type":"WebSite","@id":"https:\/\/www.lechiquieroperaparis.com\/#website","url":"https:\/\/www.lechiquieroperaparis.com\/","name":"L'\u00c9chiquier Op\u00e9ra Paris Hptel - MGallery","description":"Just another D-Edge Accor V2 Sites Hosting site","potentialAction":[{"@type":"SearchAction","target":{"@type":"EntryPoint","urlTemplate":"https:\/\/www.lechiquieroperaparis.com\/?s={search_term_string}"},"query-input":{"@type":"PropertyValueSpecification","valueRequired":true,"valueName":"search_term_string"}}],"inLanguage":"en-US"}]}},"_links":{"self":[{"href":"https:\/\/www.lechiquieroperaparis.com\/en\/wp-json\/wp\/v2\/pages\/205","targetHints":{"allow":["GET"]}}],"collection":[{"href":"https:\/\/www.lechiquieroperaparis.com\/en\/wp-json\/wp\/v2\/pages"}],"about":[{"href":"https:\/\/www.lechiquieroperaparis.com\/en\/wp-json\/wp\/v2\/types\/page"}],"author":[{"embeddable":true,"href":"https:\/\/www.lechiquieroperaparis.com\/en\/wp-json\/wp\/v2\/users\/10"}],"replies":[{"embeddable":true,"href":"https:\/\/www.lechiquieroperaparis.com\/en\/wp-json\/wp\/v2\/comments?post=205"}],"version-history":[{"count":0,"href":"https:\/\/www.lechiquieroperaparis.com\/en\/wp-json\/wp\/v2\/pages\/205\/revisions"}],"wp:attachment":[{"href":"https:\/\/www.lechiquieroperaparis.com\/en\/wp-json\/wp\/v2\/media?parent=205"}],"wp:term":[{"taxonomy":"category","embeddable":true,"href":"https:\/\/www.lechiquieroperaparis.com\/en\/wp-json\/wp\/v2\/categories?post=205"}],"curies":[{"name":"wp","href":"https:\/\/api.w.org\/{rel}","templated":true}]}}