{"id":206,"date":"2022-04-19T12:48:44","date_gmt":"2022-04-19T12:48:44","guid":{"rendered":"https:\/\/echiquier-opera.accorv2prod.decms.eu\/?page_id=206"},"modified":"2022-06-14T16:35:33","modified_gmt":"2022-06-14T16:35:33","slug":"seminars-and-events","status":"publish","type":"page","link":"https:\/\/www.lechiquieroperaparis.com\/en\/seminars-and-events\/","title":{"rendered":"Seminars and Events"},"content":{"rendered":"<p>Did you know that the term \u2018\u00e9chiquier\u2019 refers to the checkered mats used centuries ago for keeping tally during transactions? In this commercial district, the name of our street is quite fitting and has always been suited to business.<\/p>\n<p>Our six modular function rooms can accommodate up to 55 people. Each is equipped with a space for convivial breaks which are such an essential part of face-to-face meetings. Need to gather more participants? Take advantage of our bar for a cocktail party with up to 180 guests.<\/p>\n<p>Share your needs and objectives with our team for personalised service. <a href=\"https:\/\/echiquier-opera.accorv2prod.decms.eu\/en\/contact-us\/\">Contact us now<\/a>.<\/p>\n","protected":false},"excerpt":{"rendered":"<p>Did you know that the term \u2018\u00e9chiquier\u2019 refers to the checkered mats used centuries ago for keeping tally during transactions? In this commercial district, the name of our street is quite fitting and has always been suited to business. Our six modular function rooms can accommodate up to 55 people. Each is equipped with a [&hellip;]<\/p>\n","protected":false},"author":10,"featured_media":0,"parent":0,"menu_order":80,"comment_status":"closed","ping_status":"closed","template":"","meta":{"footnotes":""},"categories":[],"class_list":["post-206","page","type-page","status-publish","hentry"],"acf":[],"yoast_head":"<!-- This site is optimized with the Yoast SEO plugin v26.9 - https:\/\/yoast.com\/product\/yoast-seo-wordpress\/ -->\n<title>Seminars and Events - H\u00f4tel l&#039;\u00c9chiquier Op\u00e9ra Paris MGallery<\/title>\n<meta name=\"description\" content=\"Take advantage of our boutique hotel\u2019s location in the centre of Paris and our 4-star services for your seminar or event in the 10th arrondissement.\" \/>\n<meta name=\"robots\" content=\"index, follow, max-snippet:-1, max-image-preview:large, max-video-preview:-1\" \/>\n<link rel=\"canonical\" href=\"https:\/\/www.lechiquieroperaparis.com\/en\/seminars-and-events\/\" \/>\n<meta property=\"og:locale\" content=\"en_US\" \/>\n<meta property=\"og:type\" content=\"article\" \/>\n<meta property=\"og:title\" content=\"Seminars and Events - H\u00f4tel l&#039;\u00c9chiquier Op\u00e9ra Paris MGallery\" \/>\n<meta property=\"og:description\" content=\"Take advantage of our boutique hotel\u2019s location in the centre of Paris and our 4-star services for your seminar or event in the 10th arrondissement.\" \/>\n<meta property=\"og:url\" content=\"https:\/\/www.lechiquieroperaparis.com\/en\/seminars-and-events\/\" \/>\n<meta property=\"og:site_name\" content=\"L&#039;\u00c9chiquier Op\u00e9ra Paris Hptel - MGallery\" \/>\n<meta property=\"article:modified_time\" content=\"2022-06-14T16:35:33+00:00\" \/>\n<meta name=\"twitter:card\" content=\"summary_large_image\" \/>\n<meta name=\"twitter:label1\" content=\"Est. reading time\" \/>\n\t<meta name=\"twitter:data1\" content=\"1 minute\" \/>\n<script type=\"application\/ld+json\" class=\"yoast-schema-graph\">{\"@context\":\"https:\/\/schema.org\",\"@graph\":[{\"@type\":\"WebPage\",\"@id\":\"https:\/\/www.lechiquieroperaparis.com\/en\/seminars-and-events\/\",\"url\":\"https:\/\/www.lechiquieroperaparis.com\/en\/seminars-and-events\/\",\"name\":\"Seminars and Events - H\u00f4tel l'\u00c9chiquier Op\u00e9ra Paris MGallery\",\"isPartOf\":{\"@id\":\"https:\/\/www.lechiquieroperaparis.com\/#website\"},\"datePublished\":\"2022-04-19T12:48:44+00:00\",\"dateModified\":\"2022-06-14T16:35:33+00:00\",\"description\":\"Take advantage of our boutique hotel\u2019s location in the centre of Paris and our 4-star services for your seminar or event in the 10th arrondissement.\",\"breadcrumb\":{\"@id\":\"https:\/\/www.lechiquieroperaparis.com\/en\/seminars-and-events\/#breadcrumb\"},\"inLanguage\":\"en-US\",\"potentialAction\":[{\"@type\":\"ReadAction\",\"target\":[\"https:\/\/www.lechiquieroperaparis.com\/en\/seminars-and-events\/\"]}]},{\"@type\":\"BreadcrumbList\",\"@id\":\"https:\/\/www.lechiquieroperaparis.com\/en\/seminars-and-events\/#breadcrumb\",\"itemListElement\":[{\"@type\":\"ListItem\",\"position\":1,\"name\":\"Home\",\"item\":\"https:\/\/www.lechiquieroperaparis.com\/en\/\"},{\"@type\":\"ListItem\",\"position\":2,\"name\":\"Seminars and Events\"}]},{\"@type\":\"WebSite\",\"@id\":\"https:\/\/www.lechiquieroperaparis.com\/#website\",\"url\":\"https:\/\/www.lechiquieroperaparis.com\/\",\"name\":\"L'\u00c9chiquier Op\u00e9ra Paris Hptel - MGallery\",\"description\":\"Just another D-Edge Accor V2 Sites Hosting site\",\"potentialAction\":[{\"@type\":\"SearchAction\",\"target\":{\"@type\":\"EntryPoint\",\"urlTemplate\":\"https:\/\/www.lechiquieroperaparis.com\/?s={search_term_string}\"},\"query-input\":{\"@type\":\"PropertyValueSpecification\",\"valueRequired\":true,\"valueName\":\"search_term_string\"}}],\"inLanguage\":\"en-US\"}]}<\/script>\n<!-- \/ Yoast SEO plugin. -->","yoast_head_json":{"title":"Seminars and Events - H\u00f4tel l'\u00c9chiquier Op\u00e9ra Paris MGallery","description":"Take advantage of our boutique hotel\u2019s location in the centre of Paris and our 4-star services for your seminar or event in the 10th arrondissement.","robots":{"index":"index","follow":"follow","max-snippet":"max-snippet:-1","max-image-preview":"max-image-preview:large","max-video-preview":"max-video-preview:-1"},"canonical":"https:\/\/www.lechiquieroperaparis.com\/en\/seminars-and-events\/","og_locale":"en_US","og_type":"article","og_title":"Seminars and Events - H\u00f4tel l'\u00c9chiquier Op\u00e9ra Paris MGallery","og_description":"Take advantage of our boutique hotel\u2019s location in the centre of Paris and our 4-star services for your seminar or event in the 10th arrondissement.","og_url":"https:\/\/www.lechiquieroperaparis.com\/en\/seminars-and-events\/","og_site_name":"L'\u00c9chiquier Op\u00e9ra Paris Hptel - MGallery","article_modified_time":"2022-06-14T16:35:33+00:00","twitter_card":"summary_large_image","twitter_misc":{"Est. reading time":"1 minute"},"schema":{"@context":"https:\/\/schema.org","@graph":[{"@type":"WebPage","@id":"https:\/\/www.lechiquieroperaparis.com\/en\/seminars-and-events\/","url":"https:\/\/www.lechiquieroperaparis.com\/en\/seminars-and-events\/","name":"Seminars and Events - H\u00f4tel l'\u00c9chiquier Op\u00e9ra Paris MGallery","isPartOf":{"@id":"https:\/\/www.lechiquieroperaparis.com\/#website"},"datePublished":"2022-04-19T12:48:44+00:00","dateModified":"2022-06-14T16:35:33+00:00","description":"Take advantage of our boutique hotel\u2019s location in the centre of Paris and our 4-star services for your seminar or event in the 10th arrondissement.","breadcrumb":{"@id":"https:\/\/www.lechiquieroperaparis.com\/en\/seminars-and-events\/#breadcrumb"},"inLanguage":"en-US","potentialAction":[{"@type":"ReadAction","target":["https:\/\/www.lechiquieroperaparis.com\/en\/seminars-and-events\/"]}]},{"@type":"BreadcrumbList","@id":"https:\/\/www.lechiquieroperaparis.com\/en\/seminars-and-events\/#breadcrumb","itemListElement":[{"@type":"ListItem","position":1,"name":"Home","item":"https:\/\/www.lechiquieroperaparis.com\/en\/"},{"@type":"ListItem","position":2,"name":"Seminars and Events"}]},{"@type":"WebSite","@id":"https:\/\/www.lechiquieroperaparis.com\/#website","url":"https:\/\/www.lechiquieroperaparis.com\/","name":"L'\u00c9chiquier Op\u00e9ra Paris Hptel - MGallery","description":"Just another D-Edge Accor V2 Sites Hosting site","potentialAction":[{"@type":"SearchAction","target":{"@type":"EntryPoint","urlTemplate":"https:\/\/www.lechiquieroperaparis.com\/?s={search_term_string}"},"query-input":{"@type":"PropertyValueSpecification","valueRequired":true,"valueName":"search_term_string"}}],"inLanguage":"en-US"}]}},"_links":{"self":[{"href":"https:\/\/www.lechiquieroperaparis.com\/en\/wp-json\/wp\/v2\/pages\/206","targetHints":{"allow":["GET"]}}],"collection":[{"href":"https:\/\/www.lechiquieroperaparis.com\/en\/wp-json\/wp\/v2\/pages"}],"about":[{"href":"https:\/\/www.lechiquieroperaparis.com\/en\/wp-json\/wp\/v2\/types\/page"}],"author":[{"embeddable":true,"href":"https:\/\/www.lechiquieroperaparis.com\/en\/wp-json\/wp\/v2\/users\/10"}],"replies":[{"embeddable":true,"href":"https:\/\/www.lechiquieroperaparis.com\/en\/wp-json\/wp\/v2\/comments?post=206"}],"version-history":[{"count":0,"href":"https:\/\/www.lechiquieroperaparis.com\/en\/wp-json\/wp\/v2\/pages\/206\/revisions"}],"wp:attachment":[{"href":"https:\/\/www.lechiquieroperaparis.com\/en\/wp-json\/wp\/v2\/media?parent=206"}],"wp:term":[{"taxonomy":"category","embeddable":true,"href":"https:\/\/www.lechiquieroperaparis.com\/en\/wp-json\/wp\/v2\/categories?post=206"}],"curies":[{"name":"wp","href":"https:\/\/api.w.org\/{rel}","templated":true}]}}