{"id":208,"date":"2022-04-19T12:50:09","date_gmt":"2022-04-19T12:50:09","guid":{"rendered":"https:\/\/echiquier-opera.accorv2prod.decms.eu\/?page_id=208"},"modified":"2022-04-19T12:50:09","modified_gmt":"2022-04-19T12:50:09","slug":"fitness","status":"publish","type":"page","link":"https:\/\/www.lechiquieroperaparis.com\/en\/wellness\/fitness\/","title":{"rendered":"Fitness"},"content":{"rendered":"<p>Essential for your health, sport is not necessarily all about performance. It is first and foremost about being aware of your body and caring for it. Exercise has both physical and mental benefits. <\/p>\n<p>So why not visit our fitness room during your stay? Dumbbells, treadmills, elliptical bikes&#8230; Work on your cardio and muscle mass as well as your self-confidence and vitality.<\/p>\n<p>Open 24\/7.<\/p>\n","protected":false},"excerpt":{"rendered":"<p>Essential for your health, sport is not necessarily all about performance. It is first and foremost about being aware of your body and caring for it. Exercise has both physical and mental benefits. So why not visit our fitness room during your stay? Dumbbells, treadmills, elliptical bikes&#8230; Work on your cardio and muscle mass as [&hellip;]<\/p>\n","protected":false},"author":10,"featured_media":0,"parent":205,"menu_order":32,"comment_status":"closed","ping_status":"closed","template":"template-spa.php","meta":{"footnotes":""},"categories":[],"class_list":["post-208","page","type-page","status-publish","hentry"],"acf":[],"yoast_head":"<!-- This site is optimized with the Yoast SEO plugin v26.9 - https:\/\/yoast.com\/product\/yoast-seo-wordpress\/ -->\n<title>Fitness Room - H\u00f4tel l&#039;\u00c9chiquier Op\u00e9ra Paris - MGallery<\/title>\n<meta name=\"description\" content=\"Our fitness room and its gym equipment allow you to keep in shape during your stay at H\u00f4tel l&#039;\u00c9chiquier Op\u00e9ra Paris MGallery.\" \/>\n<meta name=\"robots\" content=\"index, follow, max-snippet:-1, max-image-preview:large, max-video-preview:-1\" \/>\n<link rel=\"canonical\" href=\"https:\/\/www.lechiquieroperaparis.com\/en\/wellness\/fitness\/\" \/>\n<meta property=\"og:locale\" content=\"en_US\" \/>\n<meta property=\"og:type\" content=\"article\" \/>\n<meta property=\"og:title\" content=\"Fitness Room - H\u00f4tel l&#039;\u00c9chiquier Op\u00e9ra Paris - MGallery\" \/>\n<meta property=\"og:description\" content=\"Our fitness room and its gym equipment allow you to keep in shape during your stay at H\u00f4tel l&#039;\u00c9chiquier Op\u00e9ra Paris MGallery.\" \/>\n<meta property=\"og:url\" content=\"https:\/\/www.lechiquieroperaparis.com\/en\/wellness\/fitness\/\" \/>\n<meta property=\"og:site_name\" content=\"L&#039;\u00c9chiquier Op\u00e9ra Paris Hptel - MGallery\" \/>\n<meta name=\"twitter:card\" content=\"summary_large_image\" \/>\n<script type=\"application\/ld+json\" class=\"yoast-schema-graph\">{\"@context\":\"https:\/\/schema.org\",\"@graph\":[{\"@type\":\"WebPage\",\"@id\":\"https:\/\/www.lechiquieroperaparis.com\/en\/wellness\/fitness\/\",\"url\":\"https:\/\/www.lechiquieroperaparis.com\/en\/wellness\/fitness\/\",\"name\":\"Fitness Room - H\u00f4tel l'\u00c9chiquier Op\u00e9ra Paris - MGallery\",\"isPartOf\":{\"@id\":\"https:\/\/www.lechiquieroperaparis.com\/#website\"},\"datePublished\":\"2022-04-19T12:50:09+00:00\",\"description\":\"Our fitness room and its gym equipment allow you to keep in shape during your stay at H\u00f4tel l'\u00c9chiquier Op\u00e9ra Paris MGallery.\",\"breadcrumb\":{\"@id\":\"https:\/\/www.lechiquieroperaparis.com\/en\/wellness\/fitness\/#breadcrumb\"},\"inLanguage\":\"en-US\",\"potentialAction\":[{\"@type\":\"ReadAction\",\"target\":[\"https:\/\/www.lechiquieroperaparis.com\/en\/wellness\/fitness\/\"]}]},{\"@type\":\"BreadcrumbList\",\"@id\":\"https:\/\/www.lechiquieroperaparis.com\/en\/wellness\/fitness\/#breadcrumb\",\"itemListElement\":[{\"@type\":\"ListItem\",\"position\":1,\"name\":\"Home\",\"item\":\"https:\/\/www.lechiquieroperaparis.com\/en\/\"},{\"@type\":\"ListItem\",\"position\":2,\"name\":\"Wellness\",\"item\":\"https:\/\/www.lechiquieroperaparis.com\/en\/wellness\/\"},{\"@type\":\"ListItem\",\"position\":3,\"name\":\"Fitness\"}]},{\"@type\":\"WebSite\",\"@id\":\"https:\/\/www.lechiquieroperaparis.com\/#website\",\"url\":\"https:\/\/www.lechiquieroperaparis.com\/\",\"name\":\"L'\u00c9chiquier Op\u00e9ra Paris Hptel - MGallery\",\"description\":\"Just another D-Edge Accor V2 Sites Hosting site\",\"potentialAction\":[{\"@type\":\"SearchAction\",\"target\":{\"@type\":\"EntryPoint\",\"urlTemplate\":\"https:\/\/www.lechiquieroperaparis.com\/?s={search_term_string}\"},\"query-input\":{\"@type\":\"PropertyValueSpecification\",\"valueRequired\":true,\"valueName\":\"search_term_string\"}}],\"inLanguage\":\"en-US\"}]}<\/script>\n<!-- \/ Yoast SEO plugin. -->","yoast_head_json":{"title":"Fitness Room - H\u00f4tel l'\u00c9chiquier Op\u00e9ra Paris - MGallery","description":"Our fitness room and its gym equipment allow you to keep in shape during your stay at H\u00f4tel l'\u00c9chiquier Op\u00e9ra Paris MGallery.","robots":{"index":"index","follow":"follow","max-snippet":"max-snippet:-1","max-image-preview":"max-image-preview:large","max-video-preview":"max-video-preview:-1"},"canonical":"https:\/\/www.lechiquieroperaparis.com\/en\/wellness\/fitness\/","og_locale":"en_US","og_type":"article","og_title":"Fitness Room - H\u00f4tel l'\u00c9chiquier Op\u00e9ra Paris - MGallery","og_description":"Our fitness room and its gym equipment allow you to keep in shape during your stay at H\u00f4tel l'\u00c9chiquier Op\u00e9ra Paris MGallery.","og_url":"https:\/\/www.lechiquieroperaparis.com\/en\/wellness\/fitness\/","og_site_name":"L'\u00c9chiquier Op\u00e9ra Paris Hptel - MGallery","twitter_card":"summary_large_image","schema":{"@context":"https:\/\/schema.org","@graph":[{"@type":"WebPage","@id":"https:\/\/www.lechiquieroperaparis.com\/en\/wellness\/fitness\/","url":"https:\/\/www.lechiquieroperaparis.com\/en\/wellness\/fitness\/","name":"Fitness Room - H\u00f4tel l'\u00c9chiquier Op\u00e9ra Paris - MGallery","isPartOf":{"@id":"https:\/\/www.lechiquieroperaparis.com\/#website"},"datePublished":"2022-04-19T12:50:09+00:00","description":"Our fitness room and its gym equipment allow you to keep in shape during your stay at H\u00f4tel l'\u00c9chiquier Op\u00e9ra Paris MGallery.","breadcrumb":{"@id":"https:\/\/www.lechiquieroperaparis.com\/en\/wellness\/fitness\/#breadcrumb"},"inLanguage":"en-US","potentialAction":[{"@type":"ReadAction","target":["https:\/\/www.lechiquieroperaparis.com\/en\/wellness\/fitness\/"]}]},{"@type":"BreadcrumbList","@id":"https:\/\/www.lechiquieroperaparis.com\/en\/wellness\/fitness\/#breadcrumb","itemListElement":[{"@type":"ListItem","position":1,"name":"Home","item":"https:\/\/www.lechiquieroperaparis.com\/en\/"},{"@type":"ListItem","position":2,"name":"Wellness","item":"https:\/\/www.lechiquieroperaparis.com\/en\/wellness\/"},{"@type":"ListItem","position":3,"name":"Fitness"}]},{"@type":"WebSite","@id":"https:\/\/www.lechiquieroperaparis.com\/#website","url":"https:\/\/www.lechiquieroperaparis.com\/","name":"L'\u00c9chiquier Op\u00e9ra Paris Hptel - MGallery","description":"Just another D-Edge Accor V2 Sites Hosting site","potentialAction":[{"@type":"SearchAction","target":{"@type":"EntryPoint","urlTemplate":"https:\/\/www.lechiquieroperaparis.com\/?s={search_term_string}"},"query-input":{"@type":"PropertyValueSpecification","valueRequired":true,"valueName":"search_term_string"}}],"inLanguage":"en-US"}]}},"_links":{"self":[{"href":"https:\/\/www.lechiquieroperaparis.com\/en\/wp-json\/wp\/v2\/pages\/208","targetHints":{"allow":["GET"]}}],"collection":[{"href":"https:\/\/www.lechiquieroperaparis.com\/en\/wp-json\/wp\/v2\/pages"}],"about":[{"href":"https:\/\/www.lechiquieroperaparis.com\/en\/wp-json\/wp\/v2\/types\/page"}],"author":[{"embeddable":true,"href":"https:\/\/www.lechiquieroperaparis.com\/en\/wp-json\/wp\/v2\/users\/10"}],"replies":[{"embeddable":true,"href":"https:\/\/www.lechiquieroperaparis.com\/en\/wp-json\/wp\/v2\/comments?post=208"}],"version-history":[{"count":0,"href":"https:\/\/www.lechiquieroperaparis.com\/en\/wp-json\/wp\/v2\/pages\/208\/revisions"}],"up":[{"embeddable":true,"href":"https:\/\/www.lechiquieroperaparis.com\/en\/wp-json\/wp\/v2\/pages\/205"}],"wp:attachment":[{"href":"https:\/\/www.lechiquieroperaparis.com\/en\/wp-json\/wp\/v2\/media?parent=208"}],"wp:term":[{"taxonomy":"category","embeddable":true,"href":"https:\/\/www.lechiquieroperaparis.com\/en\/wp-json\/wp\/v2\/categories?post=208"}],"curies":[{"name":"wp","href":"https:\/\/api.w.org\/{rel}","templated":true}]}}