{"id":209,"date":"2022-04-19T12:50:52","date_gmt":"2022-04-19T12:50:52","guid":{"rendered":"https:\/\/echiquier-opera.accorv2prod.decms.eu\/?page_id=209"},"modified":"2022-04-19T13:00:26","modified_gmt":"2022-04-19T13:00:26","slug":"meeting-rooms","status":"publish","type":"page","link":"https:\/\/www.lechiquieroperaparis.com\/en\/seminars-and-events\/meeting-rooms\/","title":{"rendered":"Meeting Rooms"},"content":{"rendered":"<p>Choose one of our six seminar rooms for your executive committee meeting, training session, conference, or team building session. Each room is named after one of the local galleries or charming, covered passages: Verdeau, Colbert, Choiseul&#8230;<br \/>\nDaylight is a bonus for your comfort and all our rooms are equipped with numerous facilities.<\/p>\n","protected":false},"excerpt":{"rendered":"<p>Choose one of our six seminar rooms for your executive committee meeting, training session, conference, or team building session. Each room is named after one of the local galleries or charming, covered passages: Verdeau, Colbert, Choiseul&#8230; Daylight is a bonus for your comfort and all our rooms are equipped with numerous facilities.<\/p>\n","protected":false},"author":10,"featured_media":0,"parent":206,"menu_order":82,"comment_status":"closed","ping_status":"closed","template":"template-meeting-room.php","meta":{"footnotes":""},"categories":[],"class_list":["post-209","page","type-page","status-publish","hentry"],"acf":[],"yoast_head":"<!-- This site is optimized with the Yoast SEO plugin v26.9 - https:\/\/yoast.com\/product\/yoast-seo-wordpress\/ -->\n<title>Meeting Rooms - H\u00f4tel l&#039;\u00c9chiquier Op\u00e9ra Paris - MGallery<\/title>\n<meta name=\"description\" content=\"In the 10th arrondissement, the meeting rooms of H\u00f4tel l&#039;\u00c9chiquier Op\u00e9ra Paris MGallery are perfect for your seminar or executive committee meeting.\" \/>\n<meta name=\"robots\" content=\"index, follow, max-snippet:-1, max-image-preview:large, max-video-preview:-1\" \/>\n<link rel=\"canonical\" href=\"https:\/\/www.lechiquieroperaparis.com\/en\/seminars-and-events\/meeting-rooms\/\" \/>\n<meta property=\"og:locale\" content=\"en_US\" \/>\n<meta property=\"og:type\" content=\"article\" \/>\n<meta property=\"og:title\" content=\"Meeting Rooms - H\u00f4tel l&#039;\u00c9chiquier Op\u00e9ra Paris - MGallery\" \/>\n<meta property=\"og:description\" content=\"In the 10th arrondissement, the meeting rooms of H\u00f4tel l&#039;\u00c9chiquier Op\u00e9ra Paris MGallery are perfect for your seminar or executive committee meeting.\" \/>\n<meta property=\"og:url\" content=\"https:\/\/www.lechiquieroperaparis.com\/en\/seminars-and-events\/meeting-rooms\/\" \/>\n<meta property=\"og:site_name\" content=\"L&#039;\u00c9chiquier Op\u00e9ra Paris Hptel - MGallery\" \/>\n<meta property=\"article:modified_time\" content=\"2022-04-19T13:00:26+00:00\" \/>\n<meta name=\"twitter:card\" content=\"summary_large_image\" \/>\n<script type=\"application\/ld+json\" class=\"yoast-schema-graph\">{\"@context\":\"https:\/\/schema.org\",\"@graph\":[{\"@type\":\"WebPage\",\"@id\":\"https:\/\/www.lechiquieroperaparis.com\/en\/seminars-and-events\/meeting-rooms\/\",\"url\":\"https:\/\/www.lechiquieroperaparis.com\/en\/seminars-and-events\/meeting-rooms\/\",\"name\":\"Meeting Rooms - H\u00f4tel l'\u00c9chiquier Op\u00e9ra Paris - MGallery\",\"isPartOf\":{\"@id\":\"https:\/\/www.lechiquieroperaparis.com\/#website\"},\"datePublished\":\"2022-04-19T12:50:52+00:00\",\"dateModified\":\"2022-04-19T13:00:26+00:00\",\"description\":\"In the 10th arrondissement, the meeting rooms of H\u00f4tel l'\u00c9chiquier Op\u00e9ra Paris MGallery are perfect for your seminar or executive committee meeting.\",\"breadcrumb\":{\"@id\":\"https:\/\/www.lechiquieroperaparis.com\/en\/seminars-and-events\/meeting-rooms\/#breadcrumb\"},\"inLanguage\":\"en-US\",\"potentialAction\":[{\"@type\":\"ReadAction\",\"target\":[\"https:\/\/www.lechiquieroperaparis.com\/en\/seminars-and-events\/meeting-rooms\/\"]}]},{\"@type\":\"BreadcrumbList\",\"@id\":\"https:\/\/www.lechiquieroperaparis.com\/en\/seminars-and-events\/meeting-rooms\/#breadcrumb\",\"itemListElement\":[{\"@type\":\"ListItem\",\"position\":1,\"name\":\"Home\",\"item\":\"https:\/\/www.lechiquieroperaparis.com\/en\/\"},{\"@type\":\"ListItem\",\"position\":2,\"name\":\"Seminars and Events\",\"item\":\"https:\/\/www.lechiquieroperaparis.com\/en\/seminars-and-events\/\"},{\"@type\":\"ListItem\",\"position\":3,\"name\":\"Meeting Rooms\"}]},{\"@type\":\"WebSite\",\"@id\":\"https:\/\/www.lechiquieroperaparis.com\/#website\",\"url\":\"https:\/\/www.lechiquieroperaparis.com\/\",\"name\":\"L'\u00c9chiquier Op\u00e9ra Paris Hptel - MGallery\",\"description\":\"Just another D-Edge Accor V2 Sites Hosting site\",\"potentialAction\":[{\"@type\":\"SearchAction\",\"target\":{\"@type\":\"EntryPoint\",\"urlTemplate\":\"https:\/\/www.lechiquieroperaparis.com\/?s={search_term_string}\"},\"query-input\":{\"@type\":\"PropertyValueSpecification\",\"valueRequired\":true,\"valueName\":\"search_term_string\"}}],\"inLanguage\":\"en-US\"}]}<\/script>\n<!-- \/ Yoast SEO plugin. -->","yoast_head_json":{"title":"Meeting Rooms - H\u00f4tel l'\u00c9chiquier Op\u00e9ra Paris - MGallery","description":"In the 10th arrondissement, the meeting rooms of H\u00f4tel l'\u00c9chiquier Op\u00e9ra Paris MGallery are perfect for your seminar or executive committee meeting.","robots":{"index":"index","follow":"follow","max-snippet":"max-snippet:-1","max-image-preview":"max-image-preview:large","max-video-preview":"max-video-preview:-1"},"canonical":"https:\/\/www.lechiquieroperaparis.com\/en\/seminars-and-events\/meeting-rooms\/","og_locale":"en_US","og_type":"article","og_title":"Meeting Rooms - H\u00f4tel l'\u00c9chiquier Op\u00e9ra Paris - MGallery","og_description":"In the 10th arrondissement, the meeting rooms of H\u00f4tel l'\u00c9chiquier Op\u00e9ra Paris MGallery are perfect for your seminar or executive committee meeting.","og_url":"https:\/\/www.lechiquieroperaparis.com\/en\/seminars-and-events\/meeting-rooms\/","og_site_name":"L'\u00c9chiquier Op\u00e9ra Paris Hptel - MGallery","article_modified_time":"2022-04-19T13:00:26+00:00","twitter_card":"summary_large_image","schema":{"@context":"https:\/\/schema.org","@graph":[{"@type":"WebPage","@id":"https:\/\/www.lechiquieroperaparis.com\/en\/seminars-and-events\/meeting-rooms\/","url":"https:\/\/www.lechiquieroperaparis.com\/en\/seminars-and-events\/meeting-rooms\/","name":"Meeting Rooms - H\u00f4tel l'\u00c9chiquier Op\u00e9ra Paris - MGallery","isPartOf":{"@id":"https:\/\/www.lechiquieroperaparis.com\/#website"},"datePublished":"2022-04-19T12:50:52+00:00","dateModified":"2022-04-19T13:00:26+00:00","description":"In the 10th arrondissement, the meeting rooms of H\u00f4tel l'\u00c9chiquier Op\u00e9ra Paris MGallery are perfect for your seminar or executive committee meeting.","breadcrumb":{"@id":"https:\/\/www.lechiquieroperaparis.com\/en\/seminars-and-events\/meeting-rooms\/#breadcrumb"},"inLanguage":"en-US","potentialAction":[{"@type":"ReadAction","target":["https:\/\/www.lechiquieroperaparis.com\/en\/seminars-and-events\/meeting-rooms\/"]}]},{"@type":"BreadcrumbList","@id":"https:\/\/www.lechiquieroperaparis.com\/en\/seminars-and-events\/meeting-rooms\/#breadcrumb","itemListElement":[{"@type":"ListItem","position":1,"name":"Home","item":"https:\/\/www.lechiquieroperaparis.com\/en\/"},{"@type":"ListItem","position":2,"name":"Seminars and Events","item":"https:\/\/www.lechiquieroperaparis.com\/en\/seminars-and-events\/"},{"@type":"ListItem","position":3,"name":"Meeting Rooms"}]},{"@type":"WebSite","@id":"https:\/\/www.lechiquieroperaparis.com\/#website","url":"https:\/\/www.lechiquieroperaparis.com\/","name":"L'\u00c9chiquier Op\u00e9ra Paris Hptel - MGallery","description":"Just another D-Edge Accor V2 Sites Hosting site","potentialAction":[{"@type":"SearchAction","target":{"@type":"EntryPoint","urlTemplate":"https:\/\/www.lechiquieroperaparis.com\/?s={search_term_string}"},"query-input":{"@type":"PropertyValueSpecification","valueRequired":true,"valueName":"search_term_string"}}],"inLanguage":"en-US"}]}},"_links":{"self":[{"href":"https:\/\/www.lechiquieroperaparis.com\/en\/wp-json\/wp\/v2\/pages\/209","targetHints":{"allow":["GET"]}}],"collection":[{"href":"https:\/\/www.lechiquieroperaparis.com\/en\/wp-json\/wp\/v2\/pages"}],"about":[{"href":"https:\/\/www.lechiquieroperaparis.com\/en\/wp-json\/wp\/v2\/types\/page"}],"author":[{"embeddable":true,"href":"https:\/\/www.lechiquieroperaparis.com\/en\/wp-json\/wp\/v2\/users\/10"}],"replies":[{"embeddable":true,"href":"https:\/\/www.lechiquieroperaparis.com\/en\/wp-json\/wp\/v2\/comments?post=209"}],"version-history":[{"count":0,"href":"https:\/\/www.lechiquieroperaparis.com\/en\/wp-json\/wp\/v2\/pages\/209\/revisions"}],"up":[{"embeddable":true,"href":"https:\/\/www.lechiquieroperaparis.com\/en\/wp-json\/wp\/v2\/pages\/206"}],"wp:attachment":[{"href":"https:\/\/www.lechiquieroperaparis.com\/en\/wp-json\/wp\/v2\/media?parent=209"}],"wp:term":[{"taxonomy":"category","embeddable":true,"href":"https:\/\/www.lechiquieroperaparis.com\/en\/wp-json\/wp\/v2\/categories?post=209"}],"curies":[{"name":"wp","href":"https:\/\/api.w.org\/{rel}","templated":true}]}}