{"id":213,"date":"2022-04-19T13:10:21","date_gmt":"2022-04-19T13:10:21","guid":{"rendered":"https:\/\/echiquier-opera.accorv2prod.decms.eu\/?page_id=213"},"modified":"2022-04-19T13:10:21","modified_gmt":"2022-04-19T13:10:21","slug":"team-building-sessions","status":"publish","type":"page","link":"https:\/\/www.lechiquieroperaparis.com\/en\/seminars-and-events\/team-building-sessions\/","title":{"rendered":"Team Building Sessions"},"content":{"rendered":"<p>The proximity of the Gare du Nord and Gare de l&#8217;Est train stations makes our hotel an ideal meeting place for geographically scattered teams, who can stay at the hotel during your team building sessions.<\/p>\n<p>Ask our team for advice on organising team building activities and group training workshops.<\/p>\n","protected":false},"excerpt":{"rendered":"<p>The proximity of the Gare du Nord and Gare de l&#8217;Est train stations makes our hotel an ideal meeting place for geographically scattered teams, who can stay at the hotel during your team building sessions. Ask our team for advice on organising team building activities and group training workshops.<\/p>\n","protected":false},"author":10,"featured_media":0,"parent":206,"menu_order":81,"comment_status":"closed","ping_status":"closed","template":"template-meeting-room.php","meta":{"footnotes":""},"categories":[],"class_list":["post-213","page","type-page","status-publish","hentry"],"acf":[],"yoast_head":"<!-- This site is optimized with the Yoast SEO plugin v26.9 - https:\/\/yoast.com\/product\/yoast-seo-wordpress\/ -->\n<title>Team building - H\u00f4tel l&#039;\u00c9chiquier Op\u00e9ra Paris - MGallery<\/title>\n<meta name=\"description\" content=\"Easy access, meeting rooms, 4-star guest rooms, a restaurant... all the ingredients for a successful team building session are found here.\" \/>\n<meta name=\"robots\" content=\"index, follow, max-snippet:-1, max-image-preview:large, max-video-preview:-1\" \/>\n<link rel=\"canonical\" href=\"https:\/\/www.lechiquieroperaparis.com\/en\/seminars-and-events\/team-building-sessions\/\" \/>\n<meta property=\"og:locale\" content=\"en_US\" \/>\n<meta property=\"og:type\" content=\"article\" \/>\n<meta property=\"og:title\" content=\"Team building - H\u00f4tel l&#039;\u00c9chiquier Op\u00e9ra Paris - MGallery\" \/>\n<meta property=\"og:description\" content=\"Easy access, meeting rooms, 4-star guest rooms, a restaurant... all the ingredients for a successful team building session are found here.\" \/>\n<meta property=\"og:url\" content=\"https:\/\/www.lechiquieroperaparis.com\/en\/seminars-and-events\/team-building-sessions\/\" \/>\n<meta property=\"og:site_name\" content=\"L&#039;\u00c9chiquier Op\u00e9ra Paris Hptel - MGallery\" \/>\n<meta name=\"twitter:card\" content=\"summary_large_image\" \/>\n<script type=\"application\/ld+json\" class=\"yoast-schema-graph\">{\"@context\":\"https:\/\/schema.org\",\"@graph\":[{\"@type\":\"WebPage\",\"@id\":\"https:\/\/www.lechiquieroperaparis.com\/en\/seminars-and-events\/team-building-sessions\/\",\"url\":\"https:\/\/www.lechiquieroperaparis.com\/en\/seminars-and-events\/team-building-sessions\/\",\"name\":\"Team building - H\u00f4tel l'\u00c9chiquier Op\u00e9ra Paris - MGallery\",\"isPartOf\":{\"@id\":\"https:\/\/www.lechiquieroperaparis.com\/#website\"},\"datePublished\":\"2022-04-19T13:10:21+00:00\",\"description\":\"Easy access, meeting rooms, 4-star guest rooms, a restaurant... all the ingredients for a successful team building session are found here.\",\"breadcrumb\":{\"@id\":\"https:\/\/www.lechiquieroperaparis.com\/en\/seminars-and-events\/team-building-sessions\/#breadcrumb\"},\"inLanguage\":\"en-US\",\"potentialAction\":[{\"@type\":\"ReadAction\",\"target\":[\"https:\/\/www.lechiquieroperaparis.com\/en\/seminars-and-events\/team-building-sessions\/\"]}]},{\"@type\":\"BreadcrumbList\",\"@id\":\"https:\/\/www.lechiquieroperaparis.com\/en\/seminars-and-events\/team-building-sessions\/#breadcrumb\",\"itemListElement\":[{\"@type\":\"ListItem\",\"position\":1,\"name\":\"Home\",\"item\":\"https:\/\/www.lechiquieroperaparis.com\/en\/\"},{\"@type\":\"ListItem\",\"position\":2,\"name\":\"Seminars and Events\",\"item\":\"https:\/\/www.lechiquieroperaparis.com\/en\/seminars-and-events\/\"},{\"@type\":\"ListItem\",\"position\":3,\"name\":\"Team Building Sessions\"}]},{\"@type\":\"WebSite\",\"@id\":\"https:\/\/www.lechiquieroperaparis.com\/#website\",\"url\":\"https:\/\/www.lechiquieroperaparis.com\/\",\"name\":\"L'\u00c9chiquier Op\u00e9ra Paris Hptel - MGallery\",\"description\":\"Just another D-Edge Accor V2 Sites Hosting site\",\"potentialAction\":[{\"@type\":\"SearchAction\",\"target\":{\"@type\":\"EntryPoint\",\"urlTemplate\":\"https:\/\/www.lechiquieroperaparis.com\/?s={search_term_string}\"},\"query-input\":{\"@type\":\"PropertyValueSpecification\",\"valueRequired\":true,\"valueName\":\"search_term_string\"}}],\"inLanguage\":\"en-US\"}]}<\/script>\n<!-- \/ Yoast SEO plugin. -->","yoast_head_json":{"title":"Team building - H\u00f4tel l'\u00c9chiquier Op\u00e9ra Paris - MGallery","description":"Easy access, meeting rooms, 4-star guest rooms, a restaurant... all the ingredients for a successful team building session are found here.","robots":{"index":"index","follow":"follow","max-snippet":"max-snippet:-1","max-image-preview":"max-image-preview:large","max-video-preview":"max-video-preview:-1"},"canonical":"https:\/\/www.lechiquieroperaparis.com\/en\/seminars-and-events\/team-building-sessions\/","og_locale":"en_US","og_type":"article","og_title":"Team building - H\u00f4tel l'\u00c9chiquier Op\u00e9ra Paris - MGallery","og_description":"Easy access, meeting rooms, 4-star guest rooms, a restaurant... all the ingredients for a successful team building session are found here.","og_url":"https:\/\/www.lechiquieroperaparis.com\/en\/seminars-and-events\/team-building-sessions\/","og_site_name":"L'\u00c9chiquier Op\u00e9ra Paris Hptel - MGallery","twitter_card":"summary_large_image","schema":{"@context":"https:\/\/schema.org","@graph":[{"@type":"WebPage","@id":"https:\/\/www.lechiquieroperaparis.com\/en\/seminars-and-events\/team-building-sessions\/","url":"https:\/\/www.lechiquieroperaparis.com\/en\/seminars-and-events\/team-building-sessions\/","name":"Team building - H\u00f4tel l'\u00c9chiquier Op\u00e9ra Paris - MGallery","isPartOf":{"@id":"https:\/\/www.lechiquieroperaparis.com\/#website"},"datePublished":"2022-04-19T13:10:21+00:00","description":"Easy access, meeting rooms, 4-star guest rooms, a restaurant... all the ingredients for a successful team building session are found here.","breadcrumb":{"@id":"https:\/\/www.lechiquieroperaparis.com\/en\/seminars-and-events\/team-building-sessions\/#breadcrumb"},"inLanguage":"en-US","potentialAction":[{"@type":"ReadAction","target":["https:\/\/www.lechiquieroperaparis.com\/en\/seminars-and-events\/team-building-sessions\/"]}]},{"@type":"BreadcrumbList","@id":"https:\/\/www.lechiquieroperaparis.com\/en\/seminars-and-events\/team-building-sessions\/#breadcrumb","itemListElement":[{"@type":"ListItem","position":1,"name":"Home","item":"https:\/\/www.lechiquieroperaparis.com\/en\/"},{"@type":"ListItem","position":2,"name":"Seminars and Events","item":"https:\/\/www.lechiquieroperaparis.com\/en\/seminars-and-events\/"},{"@type":"ListItem","position":3,"name":"Team Building Sessions"}]},{"@type":"WebSite","@id":"https:\/\/www.lechiquieroperaparis.com\/#website","url":"https:\/\/www.lechiquieroperaparis.com\/","name":"L'\u00c9chiquier Op\u00e9ra Paris Hptel - MGallery","description":"Just another D-Edge Accor V2 Sites Hosting site","potentialAction":[{"@type":"SearchAction","target":{"@type":"EntryPoint","urlTemplate":"https:\/\/www.lechiquieroperaparis.com\/?s={search_term_string}"},"query-input":{"@type":"PropertyValueSpecification","valueRequired":true,"valueName":"search_term_string"}}],"inLanguage":"en-US"}]}},"_links":{"self":[{"href":"https:\/\/www.lechiquieroperaparis.com\/en\/wp-json\/wp\/v2\/pages\/213","targetHints":{"allow":["GET"]}}],"collection":[{"href":"https:\/\/www.lechiquieroperaparis.com\/en\/wp-json\/wp\/v2\/pages"}],"about":[{"href":"https:\/\/www.lechiquieroperaparis.com\/en\/wp-json\/wp\/v2\/types\/page"}],"author":[{"embeddable":true,"href":"https:\/\/www.lechiquieroperaparis.com\/en\/wp-json\/wp\/v2\/users\/10"}],"replies":[{"embeddable":true,"href":"https:\/\/www.lechiquieroperaparis.com\/en\/wp-json\/wp\/v2\/comments?post=213"}],"version-history":[{"count":0,"href":"https:\/\/www.lechiquieroperaparis.com\/en\/wp-json\/wp\/v2\/pages\/213\/revisions"}],"up":[{"embeddable":true,"href":"https:\/\/www.lechiquieroperaparis.com\/en\/wp-json\/wp\/v2\/pages\/206"}],"wp:attachment":[{"href":"https:\/\/www.lechiquieroperaparis.com\/en\/wp-json\/wp\/v2\/media?parent=213"}],"wp:term":[{"taxonomy":"category","embeddable":true,"href":"https:\/\/www.lechiquieroperaparis.com\/en\/wp-json\/wp\/v2\/categories?post=213"}],"curies":[{"name":"wp","href":"https:\/\/api.w.org\/{rel}","templated":true}]}}