{"id":214,"date":"2022-04-19T13:11:50","date_gmt":"2022-04-19T13:11:50","guid":{"rendered":"https:\/\/echiquier-opera.accorv2prod.decms.eu\/?page_id=214"},"modified":"2022-04-19T13:11:50","modified_gmt":"2022-04-19T13:11:50","slug":"location-and-access","status":"publish","type":"page","link":"https:\/\/www.lechiquieroperaparis.com\/en\/location-and-access\/","title":{"rendered":"Location and Access"},"content":{"rendered":"<p>In the heart of the 10th arrondissement, our hotel is served by metro lines 4, 8 and 9, via the Ch\u00e2teau d&#8217;Eau (600 m) and Bonne Nouvelle (300 m) stations.<br \/>\nThe Gare du Nord and Gare de l&#8217;Est train stations are within 15 minutes&#8217; walk, while the Paris airports are a 45-minute taxi ride away. The Roissy Bus, which stops at Op\u00e9ra, also provides a shuttle service to Charles de Gaulle Airport. <\/p>\n<p>Staying in eastern Paris allows you to experience the terraces and caf\u00e9s during the day, and the vibrant bars and shows by night.<br \/>\nThe famous Gr\u00e9vin Wax Museum is an 8-minute walk from the hotel and the Chocolate Museum is 2 minutes away. In less than 20 minutes, you can walk to the Canal Saint-Martin or the banks of the Seine for a pleasant stroll. The Louvre and the Op\u00e9ra are also within easy reach, along with Printemps and Gal\u00e9ries Lafayette department stores for a shopping spree.<\/p>\n<p>Enjoy the peace and quiet of a true Parisian residential area while remaining close to the many attractions of the capital.<\/p>\n","protected":false},"excerpt":{"rendered":"<p>In the heart of the 10th arrondissement, our hotel is served by metro lines 4, 8 and 9, via the Ch\u00e2teau d&#8217;Eau (600 m) and Bonne Nouvelle (300 m) stations. The Gare du Nord and Gare de l&#8217;Est train stations are within 15 minutes&#8217; walk, while the Paris airports are a 45-minute taxi ride away. [&hellip;]<\/p>\n","protected":false},"author":10,"featured_media":0,"parent":0,"menu_order":10,"comment_status":"closed","ping_status":"closed","template":"template-location.php","meta":{"footnotes":""},"categories":[],"class_list":["post-214","page","type-page","status-publish","hentry"],"acf":[],"yoast_head":"<!-- This site is optimized with the Yoast SEO plugin v26.9 - https:\/\/yoast.com\/product\/yoast-seo-wordpress\/ -->\n<title>Location - H\u00f4tel l&#039;\u00c9chiquier Op\u00e9ra Paris - MGallery - 10th arrondissement<\/title>\n<meta name=\"description\" content=\"H\u00f4tel l&#039;\u00c9chiquier Op\u00e9ra Paris in the 10th arrondissement is ideally located on a quiet street within walking distance of main attractions and transport options.\" \/>\n<meta name=\"robots\" content=\"index, follow, max-snippet:-1, max-image-preview:large, max-video-preview:-1\" \/>\n<link rel=\"canonical\" href=\"https:\/\/www.lechiquieroperaparis.com\/en\/location-and-access\/\" \/>\n<meta property=\"og:locale\" content=\"en_US\" \/>\n<meta property=\"og:type\" content=\"article\" \/>\n<meta property=\"og:title\" content=\"Location - H\u00f4tel l&#039;\u00c9chiquier Op\u00e9ra Paris - MGallery - 10th arrondissement\" \/>\n<meta property=\"og:description\" content=\"H\u00f4tel l&#039;\u00c9chiquier Op\u00e9ra Paris in the 10th arrondissement is ideally located on a quiet street within walking distance of main attractions and transport options.\" \/>\n<meta property=\"og:url\" content=\"https:\/\/www.lechiquieroperaparis.com\/en\/location-and-access\/\" \/>\n<meta property=\"og:site_name\" content=\"L&#039;\u00c9chiquier Op\u00e9ra Paris Hptel - MGallery\" \/>\n<meta name=\"twitter:card\" content=\"summary_large_image\" \/>\n<meta name=\"twitter:label1\" content=\"Est. reading time\" \/>\n\t<meta name=\"twitter:data1\" content=\"1 minute\" \/>\n<script type=\"application\/ld+json\" class=\"yoast-schema-graph\">{\"@context\":\"https:\/\/schema.org\",\"@graph\":[{\"@type\":\"WebPage\",\"@id\":\"https:\/\/www.lechiquieroperaparis.com\/en\/location-and-access\/\",\"url\":\"https:\/\/www.lechiquieroperaparis.com\/en\/location-and-access\/\",\"name\":\"Location - H\u00f4tel l'\u00c9chiquier Op\u00e9ra Paris - MGallery - 10th arrondissement\",\"isPartOf\":{\"@id\":\"https:\/\/www.lechiquieroperaparis.com\/#website\"},\"datePublished\":\"2022-04-19T13:11:50+00:00\",\"description\":\"H\u00f4tel l'\u00c9chiquier Op\u00e9ra Paris in the 10th arrondissement is ideally located on a quiet street within walking distance of main attractions and transport options.\",\"breadcrumb\":{\"@id\":\"https:\/\/www.lechiquieroperaparis.com\/en\/location-and-access\/#breadcrumb\"},\"inLanguage\":\"en-US\",\"potentialAction\":[{\"@type\":\"ReadAction\",\"target\":[\"https:\/\/www.lechiquieroperaparis.com\/en\/location-and-access\/\"]}]},{\"@type\":\"BreadcrumbList\",\"@id\":\"https:\/\/www.lechiquieroperaparis.com\/en\/location-and-access\/#breadcrumb\",\"itemListElement\":[{\"@type\":\"ListItem\",\"position\":1,\"name\":\"Home\",\"item\":\"https:\/\/www.lechiquieroperaparis.com\/en\/\"},{\"@type\":\"ListItem\",\"position\":2,\"name\":\"Location and Access\"}]},{\"@type\":\"WebSite\",\"@id\":\"https:\/\/www.lechiquieroperaparis.com\/#website\",\"url\":\"https:\/\/www.lechiquieroperaparis.com\/\",\"name\":\"L'\u00c9chiquier Op\u00e9ra Paris Hptel - MGallery\",\"description\":\"Just another D-Edge Accor V2 Sites Hosting site\",\"potentialAction\":[{\"@type\":\"SearchAction\",\"target\":{\"@type\":\"EntryPoint\",\"urlTemplate\":\"https:\/\/www.lechiquieroperaparis.com\/?s={search_term_string}\"},\"query-input\":{\"@type\":\"PropertyValueSpecification\",\"valueRequired\":true,\"valueName\":\"search_term_string\"}}],\"inLanguage\":\"en-US\"}]}<\/script>\n<!-- \/ Yoast SEO plugin. -->","yoast_head_json":{"title":"Location - H\u00f4tel l'\u00c9chiquier Op\u00e9ra Paris - MGallery - 10th arrondissement","description":"H\u00f4tel l'\u00c9chiquier Op\u00e9ra Paris in the 10th arrondissement is ideally located on a quiet street within walking distance of main attractions and transport options.","robots":{"index":"index","follow":"follow","max-snippet":"max-snippet:-1","max-image-preview":"max-image-preview:large","max-video-preview":"max-video-preview:-1"},"canonical":"https:\/\/www.lechiquieroperaparis.com\/en\/location-and-access\/","og_locale":"en_US","og_type":"article","og_title":"Location - H\u00f4tel l'\u00c9chiquier Op\u00e9ra Paris - MGallery - 10th arrondissement","og_description":"H\u00f4tel l'\u00c9chiquier Op\u00e9ra Paris in the 10th arrondissement is ideally located on a quiet street within walking distance of main attractions and transport options.","og_url":"https:\/\/www.lechiquieroperaparis.com\/en\/location-and-access\/","og_site_name":"L'\u00c9chiquier Op\u00e9ra Paris Hptel - MGallery","twitter_card":"summary_large_image","twitter_misc":{"Est. reading time":"1 minute"},"schema":{"@context":"https:\/\/schema.org","@graph":[{"@type":"WebPage","@id":"https:\/\/www.lechiquieroperaparis.com\/en\/location-and-access\/","url":"https:\/\/www.lechiquieroperaparis.com\/en\/location-and-access\/","name":"Location - H\u00f4tel l'\u00c9chiquier Op\u00e9ra Paris - MGallery - 10th arrondissement","isPartOf":{"@id":"https:\/\/www.lechiquieroperaparis.com\/#website"},"datePublished":"2022-04-19T13:11:50+00:00","description":"H\u00f4tel l'\u00c9chiquier Op\u00e9ra Paris in the 10th arrondissement is ideally located on a quiet street within walking distance of main attractions and transport options.","breadcrumb":{"@id":"https:\/\/www.lechiquieroperaparis.com\/en\/location-and-access\/#breadcrumb"},"inLanguage":"en-US","potentialAction":[{"@type":"ReadAction","target":["https:\/\/www.lechiquieroperaparis.com\/en\/location-and-access\/"]}]},{"@type":"BreadcrumbList","@id":"https:\/\/www.lechiquieroperaparis.com\/en\/location-and-access\/#breadcrumb","itemListElement":[{"@type":"ListItem","position":1,"name":"Home","item":"https:\/\/www.lechiquieroperaparis.com\/en\/"},{"@type":"ListItem","position":2,"name":"Location and Access"}]},{"@type":"WebSite","@id":"https:\/\/www.lechiquieroperaparis.com\/#website","url":"https:\/\/www.lechiquieroperaparis.com\/","name":"L'\u00c9chiquier Op\u00e9ra Paris Hptel - MGallery","description":"Just another D-Edge Accor V2 Sites Hosting site","potentialAction":[{"@type":"SearchAction","target":{"@type":"EntryPoint","urlTemplate":"https:\/\/www.lechiquieroperaparis.com\/?s={search_term_string}"},"query-input":{"@type":"PropertyValueSpecification","valueRequired":true,"valueName":"search_term_string"}}],"inLanguage":"en-US"}]}},"_links":{"self":[{"href":"https:\/\/www.lechiquieroperaparis.com\/en\/wp-json\/wp\/v2\/pages\/214","targetHints":{"allow":["GET"]}}],"collection":[{"href":"https:\/\/www.lechiquieroperaparis.com\/en\/wp-json\/wp\/v2\/pages"}],"about":[{"href":"https:\/\/www.lechiquieroperaparis.com\/en\/wp-json\/wp\/v2\/types\/page"}],"author":[{"embeddable":true,"href":"https:\/\/www.lechiquieroperaparis.com\/en\/wp-json\/wp\/v2\/users\/10"}],"replies":[{"embeddable":true,"href":"https:\/\/www.lechiquieroperaparis.com\/en\/wp-json\/wp\/v2\/comments?post=214"}],"version-history":[{"count":0,"href":"https:\/\/www.lechiquieroperaparis.com\/en\/wp-json\/wp\/v2\/pages\/214\/revisions"}],"wp:attachment":[{"href":"https:\/\/www.lechiquieroperaparis.com\/en\/wp-json\/wp\/v2\/media?parent=214"}],"wp:term":[{"taxonomy":"category","embeddable":true,"href":"https:\/\/www.lechiquieroperaparis.com\/en\/wp-json\/wp\/v2\/categories?post=214"}],"curies":[{"name":"wp","href":"https:\/\/api.w.org\/{rel}","templated":true}]}}