{"id":472,"date":"2024-07-23T13:55:03","date_gmt":"2024-07-23T13:55:03","guid":{"rendered":"https:\/\/www.lechiquieroperaparis.com\/rooms-suites\/suite-signature\/"},"modified":"2024-07-23T13:55:03","modified_gmt":"2024-07-23T13:55:03","slug":"suite-signature","status":"publish","type":"page","link":"https:\/\/www.lechiquieroperaparis.com\/en\/rooms-suites\/suite-signature\/","title":{"rendered":"Suite Signature"},"content":{"rendered":"<p><img loading=\"lazy\" decoding=\"async\" class=\"alignnone size-medium wp-image-450\" src=\"https:\/\/www.lechiquieroperaparis.com\/wp-content\/uploads\/sites\/12\/2024\/07\/Photo-8-1-290x300.jpg\" alt=\"\" width=\"290\" height=\"300\" srcset=\"https:\/\/www.lechiquieroperaparis.com\/wp-content\/uploads\/sites\/12\/2024\/07\/Photo-8-1-290x300.jpg 290w, https:\/\/www.lechiquieroperaparis.com\/wp-content\/uploads\/sites\/12\/2024\/07\/Photo-8-1-989x1024.jpg 989w, https:\/\/www.lechiquieroperaparis.com\/wp-content\/uploads\/sites\/12\/2024\/07\/Photo-8-1-768x796.jpg 768w, https:\/\/www.lechiquieroperaparis.com\/wp-content\/uploads\/sites\/12\/2024\/07\/Photo-8-1-1483x1536.jpg 1483w, https:\/\/www.lechiquieroperaparis.com\/wp-content\/uploads\/sites\/12\/2024\/07\/Photo-8-1-1977x2048.jpg 1977w, https:\/\/www.lechiquieroperaparis.com\/wp-content\/uploads\/sites\/12\/2024\/07\/Photo-8-1-600x621.jpg 600w, https:\/\/www.lechiquieroperaparis.com\/wp-content\/uploads\/sites\/12\/2024\/07\/Photo-8-1-1000x1036.jpg 1000w\" sizes=\"auto, (max-width: 290px) 100vw, 290px\" \/><\/p>\n<p><img loading=\"lazy\" decoding=\"async\" class=\"alignnone size-medium wp-image-452\" src=\"https:\/\/www.lechiquieroperaparis.com\/wp-content\/uploads\/sites\/12\/2024\/07\/Photo-2-300x200.jpg\" alt=\"\" width=\"300\" height=\"200\" srcset=\"https:\/\/www.lechiquieroperaparis.com\/wp-content\/uploads\/sites\/12\/2024\/07\/Photo-2-300x200.jpg 300w, https:\/\/www.lechiquieroperaparis.com\/wp-content\/uploads\/sites\/12\/2024\/07\/Photo-2-1024x683.jpg 1024w, https:\/\/www.lechiquieroperaparis.com\/wp-content\/uploads\/sites\/12\/2024\/07\/Photo-2-768x512.jpg 768w, https:\/\/www.lechiquieroperaparis.com\/wp-content\/uploads\/sites\/12\/2024\/07\/Photo-2-1536x1024.jpg 1536w, https:\/\/www.lechiquieroperaparis.com\/wp-content\/uploads\/sites\/12\/2024\/07\/Photo-2-600x400.jpg 600w, https:\/\/www.lechiquieroperaparis.com\/wp-content\/uploads\/sites\/12\/2024\/07\/Photo-2-1000x667.jpg 1000w\" sizes=\"auto, (max-width: 300px) 100vw, 300px\" \/><\/p>\n<p>Bienvenue dans la nouvelle Suite Signature de l&#8217;Echiquier Op\u00e9ra Paris, un v\u00e9ritable chef-d&#8217;\u0153uvre de l&#8217;Art d\u00e9co revisit\u00e9. Situ\u00e9e au dernier \u00e9tage, cette suite mansard\u00e9e vous offre une exp\u00e9rience parisienne par excellence avec une vue imprenable sur le Grand Rex et les toits de Paris.<\/p>\n<p>L&#8217;\u00e9l\u00e9gance des lignes g\u00e9om\u00e9triques et des mat\u00e9riaux luxueux, du velours au laiton, cr\u00e9e un cadre de raffinement intemporel. D\u00e8s votre entr\u00e9e, vous serez envelopp\u00e9 par une atmosph\u00e8re feutr\u00e9e de verts apaisants, cr\u00e9ant ainsi un cocon propice \u00e0 la d\u00e9tente et \u00e0 la tranquillit\u00e9.<\/p>\n<p>Les salles de bains, quant \u00e0 elles, sont un havre de fra\u00eecheur. Leurs mosa\u00efques Art d\u00e9co, alternant entre blanc \u00e9clatant et frises noires, insufflent une \u00e9nergie dynamique et raffin\u00e9e<\/p>\n","protected":false},"excerpt":{"rendered":"<p>Bienvenue dans la nouvelle Suite Signature de l&#8217;Echiquier Op\u00e9ra Paris, un v\u00e9ritable chef-d&#8217;\u0153uvre de l&#8217;Art d\u00e9co revisit\u00e9. Situ\u00e9e au dernier \u00e9tage, cette suite mansard\u00e9e vous offre une exp\u00e9rience parisienne par excellence avec une vue imprenable sur le Grand Rex et les toits de Paris. L&#8217;\u00e9l\u00e9gance des lignes g\u00e9om\u00e9triques et des mat\u00e9riaux luxueux, du velours au [&hellip;]<\/p>\n","protected":false},"author":43,"featured_media":0,"parent":189,"menu_order":100,"comment_status":"closed","ping_status":"closed","template":"template-room.php","meta":{"footnotes":""},"categories":[15],"class_list":["post-472","page","type-page","status-publish","hentry","category-suites-en"],"acf":[],"yoast_head":"<!-- This site is optimized with the Yoast SEO plugin v26.9 - https:\/\/yoast.com\/product\/yoast-seo-wordpress\/ -->\n<title>Suite Signature - L&#039;\u00c9chiquier Op\u00e9ra Paris Hptel - MGallery<\/title>\n<meta name=\"description\" content=\"Bienvenue dans la nouvelle Suite Signature de l&#039;Echiquier Op\u00e9ra Paris, un v\u00e9ritable chef-d&#039;\u0153uvre de l&#039;Art d\u00e9co revisit\u00e9. Situ\u00e9e au dernier \u00e9tage, cette\" \/>\n<meta name=\"robots\" content=\"index, follow, max-snippet:-1, max-image-preview:large, max-video-preview:-1\" \/>\n<link rel=\"canonical\" href=\"https:\/\/www.lechiquieroperaparis.com\/en\/rooms-suites\/suite-signature\/\" \/>\n<meta property=\"og:locale\" content=\"en_US\" \/>\n<meta property=\"og:type\" content=\"article\" \/>\n<meta property=\"og:title\" content=\"Suite Signature - L&#039;\u00c9chiquier Op\u00e9ra Paris Hptel - MGallery\" \/>\n<meta property=\"og:description\" content=\"Bienvenue dans la nouvelle Suite Signature de l&#039;Echiquier Op\u00e9ra Paris, un v\u00e9ritable chef-d&#039;\u0153uvre de l&#039;Art d\u00e9co revisit\u00e9. Situ\u00e9e au dernier \u00e9tage, cette\" \/>\n<meta property=\"og:url\" content=\"https:\/\/www.lechiquieroperaparis.com\/en\/rooms-suites\/suite-signature\/\" \/>\n<meta property=\"og:site_name\" content=\"L&#039;\u00c9chiquier Op\u00e9ra Paris Hptel - MGallery\" \/>\n<meta property=\"og:image\" content=\"https:\/\/www.lechiquieroperaparis.com\/wp-content\/uploads\/sites\/12\/2024\/07\/Photo-8-1-290x300.jpg\" \/>\n<meta name=\"twitter:card\" content=\"summary_large_image\" \/>\n<meta name=\"twitter:label1\" content=\"Est. reading time\" \/>\n\t<meta name=\"twitter:data1\" content=\"1 minute\" \/>\n<script type=\"application\/ld+json\" class=\"yoast-schema-graph\">{\"@context\":\"https:\/\/schema.org\",\"@graph\":[{\"@type\":\"WebPage\",\"@id\":\"https:\/\/www.lechiquieroperaparis.com\/en\/rooms-suites\/suite-signature\/\",\"url\":\"https:\/\/www.lechiquieroperaparis.com\/en\/rooms-suites\/suite-signature\/\",\"name\":\"Suite Signature - L'\u00c9chiquier Op\u00e9ra Paris Hptel - MGallery\",\"isPartOf\":{\"@id\":\"https:\/\/www.lechiquieroperaparis.com\/#website\"},\"primaryImageOfPage\":{\"@id\":\"https:\/\/www.lechiquieroperaparis.com\/en\/rooms-suites\/suite-signature\/#primaryimage\"},\"image\":{\"@id\":\"https:\/\/www.lechiquieroperaparis.com\/en\/rooms-suites\/suite-signature\/#primaryimage\"},\"thumbnailUrl\":\"https:\/\/www.lechiquieroperaparis.com\/wp-content\/uploads\/sites\/12\/2024\/07\/Photo-8-1-290x300.jpg\",\"datePublished\":\"2024-07-23T13:55:03+00:00\",\"description\":\"Bienvenue dans la nouvelle Suite Signature de l'Echiquier Op\u00e9ra Paris, un v\u00e9ritable chef-d'\u0153uvre de l'Art d\u00e9co revisit\u00e9. Situ\u00e9e au dernier \u00e9tage, cette\",\"breadcrumb\":{\"@id\":\"https:\/\/www.lechiquieroperaparis.com\/en\/rooms-suites\/suite-signature\/#breadcrumb\"},\"inLanguage\":\"en-US\",\"potentialAction\":[{\"@type\":\"ReadAction\",\"target\":[\"https:\/\/www.lechiquieroperaparis.com\/en\/rooms-suites\/suite-signature\/\"]}]},{\"@type\":\"ImageObject\",\"inLanguage\":\"en-US\",\"@id\":\"https:\/\/www.lechiquieroperaparis.com\/en\/rooms-suites\/suite-signature\/#primaryimage\",\"url\":\"https:\/\/www.lechiquieroperaparis.com\/wp-content\/uploads\/sites\/12\/2024\/07\/Photo-8-1-290x300.jpg\",\"contentUrl\":\"https:\/\/www.lechiquieroperaparis.com\/wp-content\/uploads\/sites\/12\/2024\/07\/Photo-8-1-290x300.jpg\"},{\"@type\":\"BreadcrumbList\",\"@id\":\"https:\/\/www.lechiquieroperaparis.com\/en\/rooms-suites\/suite-signature\/#breadcrumb\",\"itemListElement\":[{\"@type\":\"ListItem\",\"position\":1,\"name\":\"Home\",\"item\":\"https:\/\/www.lechiquieroperaparis.com\/en\/\"},{\"@type\":\"ListItem\",\"position\":2,\"name\":\"Rooms &#038; Suites\",\"item\":\"https:\/\/www.lechiquieroperaparis.com\/en\/rooms-suites\/\"},{\"@type\":\"ListItem\",\"position\":3,\"name\":\"Suite Signature\"}]},{\"@type\":\"WebSite\",\"@id\":\"https:\/\/www.lechiquieroperaparis.com\/#website\",\"url\":\"https:\/\/www.lechiquieroperaparis.com\/\",\"name\":\"L'\u00c9chiquier Op\u00e9ra Paris Hptel - MGallery\",\"description\":\"Just another D-Edge Accor V2 Sites Hosting site\",\"potentialAction\":[{\"@type\":\"SearchAction\",\"target\":{\"@type\":\"EntryPoint\",\"urlTemplate\":\"https:\/\/www.lechiquieroperaparis.com\/?s={search_term_string}\"},\"query-input\":{\"@type\":\"PropertyValueSpecification\",\"valueRequired\":true,\"valueName\":\"search_term_string\"}}],\"inLanguage\":\"en-US\"}]}<\/script>\n<!-- \/ Yoast SEO plugin. -->","yoast_head_json":{"title":"Suite Signature - L'\u00c9chiquier Op\u00e9ra Paris Hptel - MGallery","description":"Bienvenue dans la nouvelle Suite Signature de l'Echiquier Op\u00e9ra Paris, un v\u00e9ritable chef-d'\u0153uvre de l'Art d\u00e9co revisit\u00e9. Situ\u00e9e au dernier \u00e9tage, cette","robots":{"index":"index","follow":"follow","max-snippet":"max-snippet:-1","max-image-preview":"max-image-preview:large","max-video-preview":"max-video-preview:-1"},"canonical":"https:\/\/www.lechiquieroperaparis.com\/en\/rooms-suites\/suite-signature\/","og_locale":"en_US","og_type":"article","og_title":"Suite Signature - L'\u00c9chiquier Op\u00e9ra Paris Hptel - MGallery","og_description":"Bienvenue dans la nouvelle Suite Signature de l'Echiquier Op\u00e9ra Paris, un v\u00e9ritable chef-d'\u0153uvre de l'Art d\u00e9co revisit\u00e9. Situ\u00e9e au dernier \u00e9tage, cette","og_url":"https:\/\/www.lechiquieroperaparis.com\/en\/rooms-suites\/suite-signature\/","og_site_name":"L'\u00c9chiquier Op\u00e9ra Paris Hptel - MGallery","og_image":[{"url":"https:\/\/www.lechiquieroperaparis.com\/wp-content\/uploads\/sites\/12\/2024\/07\/Photo-8-1-290x300.jpg","type":"","width":"","height":""}],"twitter_card":"summary_large_image","twitter_misc":{"Est. reading time":"1 minute"},"schema":{"@context":"https:\/\/schema.org","@graph":[{"@type":"WebPage","@id":"https:\/\/www.lechiquieroperaparis.com\/en\/rooms-suites\/suite-signature\/","url":"https:\/\/www.lechiquieroperaparis.com\/en\/rooms-suites\/suite-signature\/","name":"Suite Signature - L'\u00c9chiquier Op\u00e9ra Paris Hptel - MGallery","isPartOf":{"@id":"https:\/\/www.lechiquieroperaparis.com\/#website"},"primaryImageOfPage":{"@id":"https:\/\/www.lechiquieroperaparis.com\/en\/rooms-suites\/suite-signature\/#primaryimage"},"image":{"@id":"https:\/\/www.lechiquieroperaparis.com\/en\/rooms-suites\/suite-signature\/#primaryimage"},"thumbnailUrl":"https:\/\/www.lechiquieroperaparis.com\/wp-content\/uploads\/sites\/12\/2024\/07\/Photo-8-1-290x300.jpg","datePublished":"2024-07-23T13:55:03+00:00","description":"Bienvenue dans la nouvelle Suite Signature de l'Echiquier Op\u00e9ra Paris, un v\u00e9ritable chef-d'\u0153uvre de l'Art d\u00e9co revisit\u00e9. Situ\u00e9e au dernier \u00e9tage, cette","breadcrumb":{"@id":"https:\/\/www.lechiquieroperaparis.com\/en\/rooms-suites\/suite-signature\/#breadcrumb"},"inLanguage":"en-US","potentialAction":[{"@type":"ReadAction","target":["https:\/\/www.lechiquieroperaparis.com\/en\/rooms-suites\/suite-signature\/"]}]},{"@type":"ImageObject","inLanguage":"en-US","@id":"https:\/\/www.lechiquieroperaparis.com\/en\/rooms-suites\/suite-signature\/#primaryimage","url":"https:\/\/www.lechiquieroperaparis.com\/wp-content\/uploads\/sites\/12\/2024\/07\/Photo-8-1-290x300.jpg","contentUrl":"https:\/\/www.lechiquieroperaparis.com\/wp-content\/uploads\/sites\/12\/2024\/07\/Photo-8-1-290x300.jpg"},{"@type":"BreadcrumbList","@id":"https:\/\/www.lechiquieroperaparis.com\/en\/rooms-suites\/suite-signature\/#breadcrumb","itemListElement":[{"@type":"ListItem","position":1,"name":"Home","item":"https:\/\/www.lechiquieroperaparis.com\/en\/"},{"@type":"ListItem","position":2,"name":"Rooms &#038; Suites","item":"https:\/\/www.lechiquieroperaparis.com\/en\/rooms-suites\/"},{"@type":"ListItem","position":3,"name":"Suite Signature"}]},{"@type":"WebSite","@id":"https:\/\/www.lechiquieroperaparis.com\/#website","url":"https:\/\/www.lechiquieroperaparis.com\/","name":"L'\u00c9chiquier Op\u00e9ra Paris Hptel - MGallery","description":"Just another D-Edge Accor V2 Sites Hosting site","potentialAction":[{"@type":"SearchAction","target":{"@type":"EntryPoint","urlTemplate":"https:\/\/www.lechiquieroperaparis.com\/?s={search_term_string}"},"query-input":{"@type":"PropertyValueSpecification","valueRequired":true,"valueName":"search_term_string"}}],"inLanguage":"en-US"}]}},"_links":{"self":[{"href":"https:\/\/www.lechiquieroperaparis.com\/en\/wp-json\/wp\/v2\/pages\/472","targetHints":{"allow":["GET"]}}],"collection":[{"href":"https:\/\/www.lechiquieroperaparis.com\/en\/wp-json\/wp\/v2\/pages"}],"about":[{"href":"https:\/\/www.lechiquieroperaparis.com\/en\/wp-json\/wp\/v2\/types\/page"}],"author":[{"embeddable":true,"href":"https:\/\/www.lechiquieroperaparis.com\/en\/wp-json\/wp\/v2\/users\/43"}],"replies":[{"embeddable":true,"href":"https:\/\/www.lechiquieroperaparis.com\/en\/wp-json\/wp\/v2\/comments?post=472"}],"version-history":[{"count":0,"href":"https:\/\/www.lechiquieroperaparis.com\/en\/wp-json\/wp\/v2\/pages\/472\/revisions"}],"up":[{"embeddable":true,"href":"https:\/\/www.lechiquieroperaparis.com\/en\/wp-json\/wp\/v2\/pages\/189"}],"wp:attachment":[{"href":"https:\/\/www.lechiquieroperaparis.com\/en\/wp-json\/wp\/v2\/media?parent=472"}],"wp:term":[{"taxonomy":"category","embeddable":true,"href":"https:\/\/www.lechiquieroperaparis.com\/en\/wp-json\/wp\/v2\/categories?post=472"}],"curies":[{"name":"wp","href":"https:\/\/api.w.org\/{rel}","templated":true}]}}